{"id":14886,"date":"2022-06-13T08:55:17","date_gmt":"2022-06-13T08:55:17","guid":{"rendered":"https:\/\/greentec.eu.bluebird.pw.bluebird.pw\/privacy-policy\/"},"modified":"2023-04-18T08:48:30","modified_gmt":"2023-04-18T08:48:30","slug":"politique-de-confidentialite","status":"publish","type":"page","link":"https:\/\/greentec.eu.bluebird.pw\/fr\/politique-de-confidentialite\/","title":{"rendered":"Politique de confidentialit\u00e9"},"content":{"rendered":"<div id=\"pl-14886\"  class=\"panel-layout\" ><div id=\"pg-14886-0\"  class=\"panel-grid panel-no-style\" ><div id=\"pgc-14886-0-0\"  class=\"panel-grid-cell\" ><div id=\"panel-14886-0-0-0\" class=\"so-panel widget widget_mtt-cover panel-first-child panel-last-child\" data-index=\"0\" ><div\n\t\t\t\n\t\t\tclass=\"so-widget-mtt-cover so-widget-mtt-cover-base\"\n\t\t\t\n\t\t>\n<section class=\"mtt-cover\">\n\n            <img decoding=\"async\" class=\"mtt-cover__graphic graphic graphic--cover-corner\" src=\"https:\/\/greentec.eu.bluebird.pw\/wp-content\/themes\/greentec-wordpress-theme\/public\/img\/graphic\/cover-bottom-right-shape-white.svg\" alt=\"\"\/>\n    \n    <div class=\"mtt-cover__inner\">\n        <div class=\"mtt-cover__page-container page_container\">\n            <div class=\"mtt-cover__text-container\">\n                                                                            <\/div>\n\n                    <\/div>\n\n        <div class=\"mtt-cover__images\">\n                            <div class=\"mtt-image object-fit\">\n                    <picture>\n                                                    <source srcset=\"https:\/\/greentec.eu.bluebird.pw\/wp-content\/uploads\/2022\/12\/Privacy-policy-mobile.webp\" media=\"(max-width: 550px)\">\n                                                                        <img decoding=\"async\" src=\"https:\/\/greentec.eu.bluebird.pw\/wp-content\/uploads\/2022\/12\/Privacy-policy-desktop.webp\" alt=\"Privacy policy\">\n                    <\/picture>\n                <\/div>\n                                            <\/div>\n\n    <\/div>\n<\/section><\/div><\/div><\/div><\/div><div id=\"pg-14886-1\"  class=\"panel-grid panel-no-style\" ><div id=\"pgc-14886-1-0\"  class=\"panel-grid-cell\" ><div id=\"panel-14886-1-0-0\" class=\"so-panel widget widget_mtt-text-columns-image panel-first-child panel-last-child\" data-index=\"1\" ><div\n\t\t\t\n\t\t\tclass=\"so-widget-mtt-text-columns-image so-widget-mtt-text-columns-image-base\"\n\t\t\t\n\t\t>\n<section class=\"mtt-text-columns-image spacing_top_32 spacing_bottom_32 spacing-classes-added\">\n    <div class=\"mtt-text-columns-image__inner\">\n        <div class=\"page_container\">\n            <div class=\"mtt-text-columns-image__text-wrap full\">\n                                                    <h1 class=\"mtt-text-columns-image__title title title--2\">Politique de confidentialit\u00e9<\/h1>\n                \n                \n                            <\/div>\n        <\/div>\n\n        \n    <\/div>\n<\/section><\/div><\/div><\/div><\/div><div id=\"pg-14886-2\"  class=\"panel-grid panel-no-style\" ><div id=\"pgc-14886-2-0\"  class=\"panel-grid-cell\" ><div id=\"panel-14886-2-0-0\" class=\"so-panel widget widget_mtt-single-content panel-first-child panel-last-child\" data-index=\"2\" ><div\n\t\t\t\n\t\t\tclass=\"so-widget-mtt-single-content so-widget-mtt-single-content-base\"\n\t\t\t\n\t\t>\n<section class=\"mtt-single-post  spacing_bottom_80 spacing-classes-added\">\n    <div class=\"mtt-single-post__inner page_container\">\n        <article class=\"mtt-single-post__content mtt-single-post__content--full\">\n                            <div class=\"wysiwyg\">\n                    <p>Lorsque vous visitez notre site Web, des informations vous concernant sont collect\u00e9es et utilis\u00e9es pour personnaliser et am\u00e9liorer notre contenu et pour augmenter la valeur des publicit\u00e9s affich\u00e9es sur la page. Si vous ne souhaitez pas que des donn\u00e9es vous concernant soient collect\u00e9es, vous devez supprimer vos cookies (voir instructions) et \u00e9viter toute utilisation ult\u00e9rieure du site. Ci-dessous, nous avons pr\u00e9cis\u00e9 quelles informations sont collect\u00e9es, leurs finalit\u00e9s et quels tiers y ont acc\u00e8s.<\/p>\n<p>&nbsp;<\/p>\n<h2>Cookies<\/h2>\n<p><script id=\"CookieDeclaration\" data-culture=\"fr\" src=\"https:\/\/consent.cookiebot.com\/a4212a77-498f-4a4a-8fee-de0ad53e292e\/cd.js\" type=\"text\/javascript\" async><\/script><\/p>\n<p>&nbsp;<\/p>\n<h2>Donn\u00e9es personnelles<\/h2>\n<p><strong>En g\u00e9n\u00e9ral<\/strong><\/p>\n<p>Les informations personnelles sont tout type d'informations qui peuvent \u00eatre li\u00e9es \u00e0 vous dans une certaine mesure. Lors de l'utilisation de notre site Web, nous collectons et traitons diverses informations de ce type. Cela peut se produire lors de l'acc\u00e8s au contenu, en vous inscrivant \u00e0 la newsletter, en participant \u00e0 des concours ou \u00e0 des enqu\u00eates, en utilisant nos services ou en envoyant des demandes de renseignements.<\/p>\n<p>Nous collectons et traitons g\u00e9n\u00e9ralement les types d'informations suivants\u00a0: un identifiant unique et des informations techniques sur votre ordinateur, tablette ou t\u00e9l\u00e9phone portable, votre num\u00e9ro IP, votre emplacement g\u00e9ographique et les pages sur lesquelles vous cliquez (int\u00e9r\u00eats). Nous recueillons \u00e9galement le nom, le num\u00e9ro de t\u00e9l\u00e9phone, l'adresse e-mail et l'adresse lorsque vous donnez votre consentement explicite et saisissez les informations par vous-m\u00eame. Cela sera g\u00e9n\u00e9ralement associ\u00e9 \u00e0 des demandes de renseignements sur nos produits.<\/p>\n<p><strong>S\u00e9curit\u00e9<\/strong><\/p>\n<p>Nous avons pris des mesures techniques et organisationnelles contre le fait que vos informations soient accidentellement ou ill\u00e9galement supprim\u00e9es, publi\u00e9es, perdues, alt\u00e9r\u00e9es ou port\u00e9es \u00e0 la connaissance d'une personne, mal utilis\u00e9es ou autrement trait\u00e9es en violation de la loi.<\/p>\n<p><strong>But<\/strong><\/p>\n<p>Les informations sont utilis\u00e9es pour vous identifier en tant qu'utilisateur et afficher les publicit\u00e9s les plus susceptibles de vous int\u00e9resser, enregistrer vos commandes et fournir les services que vous avez demand\u00e9s, tels que l'envoi d'une offre. De plus, nous utilisons les informations pour optimiser nos services et contenus.<\/p>\n<p><strong>P\u00e9riode de stockage<\/strong><\/p>\n<p>Les informations sont conserv\u00e9es pendant la dur\u00e9e autoris\u00e9e par la loi et nous les supprimons lorsqu'elles ne sont plus n\u00e9cessaires. La dur\u00e9e d\u00e9pend de la nature des informations et du contexte de stockage. Par cons\u00e9quent, il n'est pas possible de sp\u00e9cifier un d\u00e9lai g\u00e9n\u00e9ral pour la suppression des informations.<\/p>\n<p><strong>Divulgation d'informations<\/strong><\/p>\n<p>Les donn\u00e9es concernant votre utilisation du site Web, les publicit\u00e9s que vous recevez et sur lesquelles vous cliquez, l'emplacement g\u00e9ographique, le sexe et l'\u00e2ge, etc. seront divulgu\u00e9es \u00e0 des tiers dans la mesure o\u00f9 ces informations sont connues. Les informations sont utilis\u00e9es pour cibler les publicit\u00e9s.<\/p>\n<p>En outre, nous utilisons un certain nombre de tiers pour stocker et traiter les donn\u00e9es. Ceux-ci ne traitent que des informations en notre nom et ne peuvent pas utiliser les donn\u00e9es \u00e0 leurs propres fins.<\/p>\n<p>La divulgation d'informations personnelles, telles que le nom et l'adresse e-mail, n'aura lieu que si vous y consentez. Nous utilisons uniquement des processeurs de donn\u00e9es dans l'UE ou dans des pays qui peuvent fournir \u00e0 vos informations une protection ad\u00e9quate.<\/p>\n<p><strong>Aper\u00e7us et r\u00e9clamations<\/strong><\/p>\n<p>Vous avez le droit de savoir quelles informations personnelles nous collectons \u00e0 votre sujet. Vous pouvez \u00e9galement vous opposer \u00e0 l'utilisation des informations \u00e0 tout moment. Vous pouvez \u00e9galement r\u00e9voquer votre consentement au traitement des informations vous concernant. Si les informations trait\u00e9es \u00e0 votre sujet sont incorrectes, vous avez le droit de les faire corriger ou supprimer. Veuillez contacter\u00a0:\u00a0<a href=\"mailto:info@greentec.eu\">info@greentec.eu\u00a0<\/a>pour tout cas d'informations ou de r\u00e9clamations.<\/p>\n<p><strong>\u00c9diteur<\/strong><\/p>\n<p>Le site Web est d\u00e9tenu et publi\u00e9 par :<\/p>\n<p>GreenTec A\/S<\/p>\n<p>Merkurvej 25, DK-6000 Kolding<\/p>\n<p>T\u00e9l\u00e9phone: +45 75 55 36 44<\/p>\n<p>E-mail: info@greentec.eu<\/p>\n                <\/div>\n                                <\/article>\n\n            <\/div>\n<\/section><\/div><\/div><\/div><\/div><\/div>","protected":false},"excerpt":{"rendered":"<p>Politique de confidentialit\u00e9 Lorsque vous visitez notre site Web, des informations vous concernant sont collect\u00e9es et utilis\u00e9es pour personnaliser et am\u00e9liorer notre contenu et pour augmenter la valeur des publicit\u00e9s affich\u00e9es sur la page. Si vous ne souhaitez pas que des donn\u00e9es vous concernant soient collect\u00e9es, vous devez supprimer vos cookies (voir instructions) et \u00e9viter [&hellip;]<\/p>\n","protected":false},"author":1,"featured_media":0,"parent":0,"menu_order":0,"comment_status":"closed","ping_status":"open","template":"","meta":{"_acf_changed":false,"_relevanssi_hide_post":"","_relevanssi_hide_content":"","_relevanssi_pin_for_all":"","_relevanssi_pin_keywords":"","_relevanssi_unpin_keywords":"","_relevanssi_related_keywords":"","_relevanssi_related_include_ids":"","_relevanssi_related_exclude_ids":"","_relevanssi_related_no_append":"","_relevanssi_related_not_related":"","_relevanssi_related_posts":"","_relevanssi_noindex_reason":"","inline_featured_image":false,"footnotes":""},"class_list":["post-14886","page","type-page","status-publish","hentry"],"acf":[],"yoast_head":"<!-- This site is optimized with the Yoast SEO plugin v27.0 - https:\/\/yoast.com\/product\/yoast-seo-wordpress\/ -->\n<title>Politique de confidentialit\u00e9 - GreenTec<\/title>\n<meta name=\"robots\" content=\"index, follow, max-snippet:-1, max-image-preview:large, max-video-preview:-1\" \/>\n<link rel=\"canonical\" href=\"https:\/\/greentec.eu.bluebird.pw\/fr\/politique-de-confidentialite\/\" \/>\n<meta property=\"og:locale\" content=\"fr_FR\" \/>\n<meta property=\"og:type\" content=\"article\" \/>\n<meta property=\"og:title\" content=\"Politique de confidentialit\u00e9 - GreenTec\" \/>\n<meta property=\"og:description\" content=\"Politique de confidentialit\u00e9 Lorsque vous visitez notre site Web, des informations vous concernant sont collect\u00e9es et utilis\u00e9es pour personnaliser et am\u00e9liorer notre contenu et pour augmenter la valeur des publicit\u00e9s affich\u00e9es sur la page. Si vous ne souhaitez pas que des donn\u00e9es vous concernant soient collect\u00e9es, vous devez supprimer vos cookies (voir instructions) et \u00e9viter [&hellip;]\" \/>\n<meta property=\"og:url\" content=\"https:\/\/greentec.eu.bluebird.pw\/fr\/politique-de-confidentialite\/\" \/>\n<meta property=\"og:site_name\" content=\"GreenTec\" \/>\n<meta property=\"article:modified_time\" content=\"2023-04-18T08:48:30+00:00\" \/>\n<meta name=\"twitter:card\" content=\"summary_large_image\" \/>\n<meta name=\"twitter:label1\" content=\"Dur\u00e9e de lecture estim\u00e9e\" \/>\n\t<meta name=\"twitter:data1\" content=\"1 minute\" \/>\n<script type=\"application\/ld+json\" class=\"yoast-schema-graph\">{\"@context\":\"https:\/\/schema.org\",\"@graph\":[{\"@type\":\"WebPage\",\"@id\":\"https:\/\/greentec.eu.bluebird.pw\/fr\/politique-de-confidentialite\/\",\"url\":\"https:\/\/greentec.eu.bluebird.pw\/fr\/politique-de-confidentialite\/\",\"name\":\"Politique de confidentialit\u00e9 - GreenTec\",\"isPartOf\":{\"@id\":\"https:\/\/greentec.eu.bluebird.pw\/fr\/#website\"},\"datePublished\":\"2022-06-13T08:55:17+00:00\",\"dateModified\":\"2023-04-18T08:48:30+00:00\",\"inLanguage\":\"fr-FR\",\"potentialAction\":[{\"@type\":\"ReadAction\",\"target\":[\"https:\/\/greentec.eu.bluebird.pw\/fr\/politique-de-confidentialite\/\"]}]},{\"@type\":\"WebSite\",\"@id\":\"https:\/\/greentec.eu.bluebird.pw\/fr\/#website\",\"url\":\"https:\/\/greentec.eu.bluebird.pw\/fr\/\",\"name\":\"GreenTec\",\"description\":\"Maskiner til Hegnsklipning og Rabatklipning\",\"potentialAction\":[{\"@type\":\"SearchAction\",\"target\":{\"@type\":\"EntryPoint\",\"urlTemplate\":\"https:\/\/greentec.eu.bluebird.pw\/fr\/?s={search_term_string}\"},\"query-input\":{\"@type\":\"PropertyValueSpecification\",\"valueRequired\":true,\"valueName\":\"search_term_string\"}}],\"inLanguage\":\"fr-FR\"}]}<\/script>\n<!-- \/ Yoast SEO plugin. -->","yoast_head_json":{"title":"Politique de confidentialit\u00e9 - GreenTec","robots":{"index":"index","follow":"follow","max-snippet":"max-snippet:-1","max-image-preview":"max-image-preview:large","max-video-preview":"max-video-preview:-1"},"canonical":"https:\/\/greentec.eu.bluebird.pw\/fr\/politique-de-confidentialite\/","og_locale":"fr_FR","og_type":"article","og_title":"Politique de confidentialit\u00e9 - GreenTec","og_description":"Politique de confidentialit\u00e9 Lorsque vous visitez notre site Web, des informations vous concernant sont collect\u00e9es et utilis\u00e9es pour personnaliser et am\u00e9liorer notre contenu et pour augmenter la valeur des publicit\u00e9s affich\u00e9es sur la page. Si vous ne souhaitez pas que des donn\u00e9es vous concernant soient collect\u00e9es, vous devez supprimer vos cookies (voir instructions) et \u00e9viter [&hellip;]","og_url":"https:\/\/greentec.eu.bluebird.pw\/fr\/politique-de-confidentialite\/","og_site_name":"GreenTec","article_modified_time":"2023-04-18T08:48:30+00:00","twitter_card":"summary_large_image","twitter_misc":{"Dur\u00e9e de lecture estim\u00e9e":"1 minute"},"schema":{"@context":"https:\/\/schema.org","@graph":[{"@type":"WebPage","@id":"https:\/\/greentec.eu.bluebird.pw\/fr\/politique-de-confidentialite\/","url":"https:\/\/greentec.eu.bluebird.pw\/fr\/politique-de-confidentialite\/","name":"Politique de confidentialit\u00e9 - GreenTec","isPartOf":{"@id":"https:\/\/greentec.eu.bluebird.pw\/fr\/#website"},"datePublished":"2022-06-13T08:55:17+00:00","dateModified":"2023-04-18T08:48:30+00:00","inLanguage":"fr-FR","potentialAction":[{"@type":"ReadAction","target":["https:\/\/greentec.eu.bluebird.pw\/fr\/politique-de-confidentialite\/"]}]},{"@type":"WebSite","@id":"https:\/\/greentec.eu.bluebird.pw\/fr\/#website","url":"https:\/\/greentec.eu.bluebird.pw\/fr\/","name":"GreenTec","description":"Maskiner til Hegnsklipning og Rabatklipning","potentialAction":[{"@type":"SearchAction","target":{"@type":"EntryPoint","urlTemplate":"https:\/\/greentec.eu.bluebird.pw\/fr\/?s={search_term_string}"},"query-input":{"@type":"PropertyValueSpecification","valueRequired":true,"valueName":"search_term_string"}}],"inLanguage":"fr-FR"}]}},"_links":{"self":[{"href":"https:\/\/greentec.eu.bluebird.pw\/fr\/wp-json\/wp\/v2\/pages\/14886","targetHints":{"allow":["GET"]}}],"collection":[{"href":"https:\/\/greentec.eu.bluebird.pw\/fr\/wp-json\/wp\/v2\/pages"}],"about":[{"href":"https:\/\/greentec.eu.bluebird.pw\/fr\/wp-json\/wp\/v2\/types\/page"}],"author":[{"embeddable":true,"href":"https:\/\/greentec.eu.bluebird.pw\/fr\/wp-json\/wp\/v2\/users\/1"}],"replies":[{"embeddable":true,"href":"https:\/\/greentec.eu.bluebird.pw\/fr\/wp-json\/wp\/v2\/comments?post=14886"}],"version-history":[{"count":7,"href":"https:\/\/greentec.eu.bluebird.pw\/fr\/wp-json\/wp\/v2\/pages\/14886\/revisions"}],"predecessor-version":[{"id":24167,"href":"https:\/\/greentec.eu.bluebird.pw\/fr\/wp-json\/wp\/v2\/pages\/14886\/revisions\/24167"}],"wp:attachment":[{"href":"https:\/\/greentec.eu.bluebird.pw\/fr\/wp-json\/wp\/v2\/media?parent=14886"}],"curies":[{"name":"wp","href":"https:\/\/api.w.org\/{rel}","templated":true}]}}