{"id":15011,"date":"2022-08-24T07:27:20","date_gmt":"2022-08-24T07:27:20","guid":{"rendered":"https:\/\/greentec.eu.bluebird.pw.bluebird.pw\/explore-learn\/"},"modified":"2023-02-02T11:42:47","modified_gmt":"2023-02-02T11:42:47","slug":"entdecken-lernen","status":"publish","type":"page","link":"https:\/\/greentec.eu.bluebird.pw\/de\/entdecken-lernen\/","title":{"rendered":"Entdecken und lernen"},"content":{"rendered":"<div id=\"pl-15011\"  class=\"panel-layout\" ><div id=\"pg-15011-0\"  class=\"panel-grid panel-no-style\" ><div id=\"pgc-15011-0-0\"  class=\"panel-grid-cell\" ><div id=\"panel-15011-0-0-0\" class=\"so-panel widget widget_mtt-archive panel-first-child panel-last-child\" data-index=\"0\" ><div\n\t\t\t\n\t\t\tclass=\"so-widget-mtt-archive so-widget-mtt-archive-base\"\n\t\t\t\n\t\t>    <section class=\"mtt-text-cover mtt-text-cover--article\">\n        <div class=\"pattern-container\">\n            <img decoding=\"async\" class=\"pattern-container__pattern pattern-container__pattern--left\" src=\"https:\/\/greentec.eu.bluebird.pw\/wp-content\/themes\/greentec-wordpress-theme\/public\/img\/svg\/pattern-text-cover.svg\" alt=\"GreenTec pattern\">\n        <\/div>\n        <div class=\"mtt-text-cover__inner page_container\">\n            <div class=\"mtt-text-cover__text\">\n                <div class=\"mtt-text-cover__text--tagline tagline--prim\">Artikel<\/div>                <h1 class=\"mtt-text-cover__text--title\">Entdecken und lernen<\/h1>\n                <div class=\"mtt-text-cover__text--text\">Informieren Sie sich \u00fcber Nachrichten bei GreenTec und erhalten Sie Tipps zur Nutzung Ihrer GreenTec-Maschinen!<\/div>            <\/div>\n    <\/section>\n    <section class=\"mtt-article-archive\" data-archive data-post-type=\"articles\" data-archive-per-page=\"9\">\n    <div class=\"page_container\">\n        <div class=\"mtt-article-categories\" data-parent-tax-slug=\"article_categories\">\n            <ul>\n                <li class='mtt-article-category'><button data-archive-button data-tax-slug='article_categories' data-term-id='0' class='active'>Alle<\/button><\/li><li class='mtt-article-category'><button data-archive-button data-tax-slug='article_categories' data-term-id='724' class=''>Produktneuheiten<\/button><\/li><li class='mtt-article-category'><button data-archive-button data-tax-slug='article_categories' data-term-id='721' class=''>Aktivit\u00e4t<\/button><\/li><li class='mtt-article-category'><button data-archive-button data-tax-slug='article_categories' data-term-id='353' class=''>Anleitung<\/button><\/li>            <\/ul>\n        <\/div>\n    <\/div>\n\n    <div class=\"mtt-article-archive__content\">\n        <div class=\"page_container\">\n            <div class=\"mtt-article-categories mtt-article-categories--tags\" data-parent-tax-slug=\"article_tags\">\n                <ul>\n                    <li class='mtt-article-tag'><button data-archive-button data-tax-slug='article_tags' data-term-id='0' class='active'>Alle<\/button><\/li><li class='mtt-article-tag'><button data-archive-button data-tax-slug='article_tags' data-term-id='731' class=''>Spider<\/button><\/li><li class='mtt-article-tag'><button data-archive-button data-tax-slug='article_tags' data-term-id='354' class=''>Scorpion<\/button><\/li><li class='mtt-article-tag'><button data-archive-button data-tax-slug='article_tags' data-term-id='791' class=''>RX<\/button><\/li><li class='mtt-article-tag'><button data-archive-button data-tax-slug='article_tags' data-term-id='787' class=''>RI<\/button><\/li>                <\/ul>\n            <\/div>\n\n            <div class=\"mtt-article-archive__grid\" data-archive-target>\n                \n<a class=\"mtt-article-card\" href=\"https:\/\/greentec.eu.bluebird.pw\/de\/artikel\/anbau-des-4-punkt-montagesystems\/\">\n    <div class=\"mtt-article-card__image\">\n                                <div class=\"object-fit object-fit--fill\">\n                <img loading=\"lazy\" decoding=\"async\" width=\"404\" height=\"280\" src=\"https:\/\/greentec.eu.bluebird.pw\/wp-content\/uploads\/2024\/04\/Installation-of-4-point-mounting-system-Spider-and-Scorpion-404x280.webp\" class=\"attachment-410x280x size-410x280x\" alt=\"Anbau des 4-Punkt-Montagesystems\" srcset=\"https:\/\/greentec.eu.bluebird.pw\/wp-content\/uploads\/2024\/04\/Installation-of-4-point-mounting-system-Spider-and-Scorpion-404x280.webp 404w, https:\/\/greentec.eu.bluebird.pw\/wp-content\/uploads\/2024\/04\/Installation-of-4-point-mounting-system-Spider-and-Scorpion-150x104.webp 150w, https:\/\/greentec.eu.bluebird.pw\/wp-content\/uploads\/2024\/04\/Installation-of-4-point-mounting-system-Spider-and-Scorpion-180x125.webp 180w, https:\/\/greentec.eu.bluebird.pw\/wp-content\/uploads\/2024\/04\/Installation-of-4-point-mounting-system-Spider-and-Scorpion-300x208.webp 300w, https:\/\/greentec.eu.bluebird.pw\/wp-content\/uploads\/2024\/04\/Installation-of-4-point-mounting-system-Spider-and-Scorpion-600x416.webp 600w, https:\/\/greentec.eu.bluebird.pw\/wp-content\/uploads\/2024\/04\/Installation-of-4-point-mounting-system-Spider-and-Scorpion.webp 678w\" sizes=\"auto, (max-width: 404px) 100vw, 404px\" \/>            <\/div>\n            <\/div>\n    <div class=\"mtt-article-card__text\">\n                    <div class=\"mtt-article-card__category\">\n                Anleitung            <\/div>\n                <div class=\"mtt-article-card__title\">\n            Anbau des 4-Punkt-Montagesystems &#8211; Spider und Scorpion 6 &#038; 8 Serie        <\/div>\n    <\/div>\n<\/a>\n<a class=\"mtt-article-card\" href=\"https:\/\/greentec.eu.bluebird.pw\/de\/artikel\/wim-van-breda-als-greentec-haendler-des-jahres-2023-ausgezeichnet\/\">\n    <div class=\"mtt-article-card__image\">\n                                <div class=\"object-fit object-fit--fill\">\n                <img loading=\"lazy\" decoding=\"async\" width=\"404\" height=\"280\" src=\"https:\/\/greentec.eu.bluebird.pw\/wp-content\/uploads\/2024\/03\/Dealer-of-the-year-2023-Wim-van-Breda-Image-1-404x280.webp\" class=\"attachment-410x280x size-410x280x\" alt=\"Wim van Breda als GreenTec-H\u00e4ndler des Jahres 2023 ausgezeichnet\" srcset=\"https:\/\/greentec.eu.bluebird.pw\/wp-content\/uploads\/2024\/03\/Dealer-of-the-year-2023-Wim-van-Breda-Image-1-404x280.webp 404w, https:\/\/greentec.eu.bluebird.pw\/wp-content\/uploads\/2024\/03\/Dealer-of-the-year-2023-Wim-van-Breda-Image-1-150x104.webp 150w, https:\/\/greentec.eu.bluebird.pw\/wp-content\/uploads\/2024\/03\/Dealer-of-the-year-2023-Wim-van-Breda-Image-1-180x125.webp 180w, https:\/\/greentec.eu.bluebird.pw\/wp-content\/uploads\/2024\/03\/Dealer-of-the-year-2023-Wim-van-Breda-Image-1-300x208.webp 300w, https:\/\/greentec.eu.bluebird.pw\/wp-content\/uploads\/2024\/03\/Dealer-of-the-year-2023-Wim-van-Breda-Image-1-600x416.webp 600w, https:\/\/greentec.eu.bluebird.pw\/wp-content\/uploads\/2024\/03\/Dealer-of-the-year-2023-Wim-van-Breda-Image-1.webp 678w\" sizes=\"auto, (max-width: 404px) 100vw, 404px\" \/>            <\/div>\n            <\/div>\n    <div class=\"mtt-article-card__text\">\n                    <div class=\"mtt-article-card__category\">\n                Aktivit\u00e4t            <\/div>\n                <div class=\"mtt-article-card__title\">\n            Wim van Breda als GreenTec-H\u00e4ndler des Jahres 2023 ausgezeichnet        <\/div>\n    <\/div>\n<\/a>\n<a class=\"mtt-article-card\" href=\"https:\/\/greentec.eu.bluebird.pw\/de\/artikel\/greentec-scorpion-530-630-basic-front-neue-frontanbau-ausleger\/\">\n    <div class=\"mtt-article-card__image\">\n                                <div class=\"object-fit object-fit--fill\">\n                <img loading=\"lazy\" decoding=\"async\" width=\"404\" height=\"280\" src=\"https:\/\/greentec.eu.bluebird.pw\/wp-content\/uploads\/2023\/11\/Scorpion-6-Basic-Front-Image-1-404x280.webp\" class=\"attachment-410x280x size-410x280x\" alt=\"GreenTec Scorpion Basic Front\" srcset=\"https:\/\/greentec.eu.bluebird.pw\/wp-content\/uploads\/2023\/11\/Scorpion-6-Basic-Front-Image-1-404x280.webp 404w, https:\/\/greentec.eu.bluebird.pw\/wp-content\/uploads\/2023\/11\/Scorpion-6-Basic-Front-Image-1-150x104.webp 150w, https:\/\/greentec.eu.bluebird.pw\/wp-content\/uploads\/2023\/11\/Scorpion-6-Basic-Front-Image-1-180x125.webp 180w, https:\/\/greentec.eu.bluebird.pw\/wp-content\/uploads\/2023\/11\/Scorpion-6-Basic-Front-Image-1-300x208.webp 300w, https:\/\/greentec.eu.bluebird.pw\/wp-content\/uploads\/2023\/11\/Scorpion-6-Basic-Front-Image-1-600x416.webp 600w, https:\/\/greentec.eu.bluebird.pw\/wp-content\/uploads\/2023\/11\/Scorpion-6-Basic-Front-Image-1.webp 678w\" sizes=\"auto, (max-width: 404px) 100vw, 404px\" \/>            <\/div>\n            <\/div>\n    <div class=\"mtt-article-card__text\">\n                    <div class=\"mtt-article-card__category\">\n                Produktneuheiten            <\/div>\n                <div class=\"mtt-article-card__title\">\n            GreenTec Scorpion 530 &#038; 630 &#8211; Basic Front &#8211; Neue Frontanbau Ausleger        <\/div>\n    <\/div>\n<\/a>\n<a class=\"mtt-article-card\" href=\"https:\/\/greentec.eu.bluebird.pw\/de\/artikel\/greentec-rx-133-maehen-sie-gras-und-straeucher-unter-extremen-bedingungen\/\">\n    <div class=\"mtt-article-card__image\">\n                                <div class=\"object-fit object-fit--fill\">\n                <img loading=\"lazy\" decoding=\"async\" width=\"404\" height=\"280\" src=\"https:\/\/greentec.eu.bluebird.pw\/wp-content\/uploads\/2023\/10\/RX-133-image-1-404x280.webp\" class=\"attachment-410x280x size-410x280x\" alt=\"GreenTec RX 133 - f\u00fcr die Pflege von extensiven Gr\u00fcnfl\u00e4chen und Stra\u00dfen-Seitr\u00e4umen\" srcset=\"https:\/\/greentec.eu.bluebird.pw\/wp-content\/uploads\/2023\/10\/RX-133-image-1-404x280.webp 404w, https:\/\/greentec.eu.bluebird.pw\/wp-content\/uploads\/2023\/10\/RX-133-image-1-150x104.webp 150w, https:\/\/greentec.eu.bluebird.pw\/wp-content\/uploads\/2023\/10\/RX-133-image-1-180x125.webp 180w, https:\/\/greentec.eu.bluebird.pw\/wp-content\/uploads\/2023\/10\/RX-133-image-1-300x208.webp 300w, https:\/\/greentec.eu.bluebird.pw\/wp-content\/uploads\/2023\/10\/RX-133-image-1-600x416.webp 600w, https:\/\/greentec.eu.bluebird.pw\/wp-content\/uploads\/2023\/10\/RX-133-image-1.webp 678w\" sizes=\"auto, (max-width: 404px) 100vw, 404px\" \/>            <\/div>\n            <\/div>\n    <div class=\"mtt-article-card__text\">\n                    <div class=\"mtt-article-card__category\">\n                Produktneuheiten            <\/div>\n                <div class=\"mtt-article-card__title\">\n            GreenTec RX 133 &#8211; M\u00e4hen Sie Gras und Str\u00e4ucher unter extremen Bedingungen        <\/div>\n    <\/div>\n<\/a>\n<a class=\"mtt-article-card\" href=\"https:\/\/greentec.eu.bluebird.pw\/de\/artikel\/greentec-ri-82-neuer-und-verbesserter-zaunmaeher\/\">\n    <div class=\"mtt-article-card__image\">\n                                <div class=\"object-fit object-fit--fill\">\n                <img loading=\"lazy\" decoding=\"async\" width=\"404\" height=\"280\" src=\"https:\/\/greentec.eu.bluebird.pw\/wp-content\/uploads\/2023\/10\/RI-82-image-1-404x280.webp\" class=\"attachment-410x280x size-410x280x\" alt=\"GreenTec RI 82 \u2013 Neuer und verbesserter Zaunm\u00e4her\" srcset=\"https:\/\/greentec.eu.bluebird.pw\/wp-content\/uploads\/2023\/10\/RI-82-image-1-404x280.webp 404w, https:\/\/greentec.eu.bluebird.pw\/wp-content\/uploads\/2023\/10\/RI-82-image-1-150x104.webp 150w, https:\/\/greentec.eu.bluebird.pw\/wp-content\/uploads\/2023\/10\/RI-82-image-1-180x125.webp 180w, https:\/\/greentec.eu.bluebird.pw\/wp-content\/uploads\/2023\/10\/RI-82-image-1-300x208.webp 300w, https:\/\/greentec.eu.bluebird.pw\/wp-content\/uploads\/2023\/10\/RI-82-image-1-600x416.webp 600w, https:\/\/greentec.eu.bluebird.pw\/wp-content\/uploads\/2023\/10\/RI-82-image-1.webp 678w\" sizes=\"auto, (max-width: 404px) 100vw, 404px\" \/>            <\/div>\n            <\/div>\n    <div class=\"mtt-article-card__text\">\n                    <div class=\"mtt-article-card__category\">\n                Produktneuheiten            <\/div>\n                <div class=\"mtt-article-card__title\">\n            GreenTec RI 82 \u2013 Neuer und verbesserter Zaunm\u00e4her        <\/div>\n    <\/div>\n<\/a>\n<a class=\"mtt-article-card\" href=\"https:\/\/greentec.eu.bluebird.pw\/de\/artikel\/einstellung-des-hybrid-armsystems-spider-serie\/\">\n    <div class=\"mtt-article-card__image\">\n                                <div class=\"object-fit object-fit--fill\">\n                <img loading=\"lazy\" decoding=\"async\" width=\"404\" height=\"280\" src=\"https:\/\/greentec.eu.bluebird.pw\/wp-content\/uploads\/2023\/09\/Hybrid-Arm-System-settings-Web-404x280.webp\" class=\"attachment-410x280x size-410x280x\" alt=\"Hybrid Arm System\" srcset=\"https:\/\/greentec.eu.bluebird.pw\/wp-content\/uploads\/2023\/09\/Hybrid-Arm-System-settings-Web-404x280.webp 404w, https:\/\/greentec.eu.bluebird.pw\/wp-content\/uploads\/2023\/09\/Hybrid-Arm-System-settings-Web-150x104.webp 150w, https:\/\/greentec.eu.bluebird.pw\/wp-content\/uploads\/2023\/09\/Hybrid-Arm-System-settings-Web-180x125.webp 180w, https:\/\/greentec.eu.bluebird.pw\/wp-content\/uploads\/2023\/09\/Hybrid-Arm-System-settings-Web-300x208.webp 300w, https:\/\/greentec.eu.bluebird.pw\/wp-content\/uploads\/2023\/09\/Hybrid-Arm-System-settings-Web-600x416.webp 600w, https:\/\/greentec.eu.bluebird.pw\/wp-content\/uploads\/2023\/09\/Hybrid-Arm-System-settings-Web.webp 678w\" sizes=\"auto, (max-width: 404px) 100vw, 404px\" \/>            <\/div>\n            <\/div>\n    <div class=\"mtt-article-card__text\">\n                    <div class=\"mtt-article-card__category\">\n                Anleitung            <\/div>\n                <div class=\"mtt-article-card__title\">\n            Einstellung des Hybrid Armsystems &#8211; Spider Serie        <\/div>\n    <\/div>\n<\/a>\n<a class=\"mtt-article-card\" href=\"https:\/\/greentec.eu.bluebird.pw\/de\/artikel\/eco-modus-spider-serie\/\">\n    <div class=\"mtt-article-card__image\">\n                                <div class=\"object-fit object-fit--fill\">\n                <img loading=\"lazy\" decoding=\"async\" width=\"404\" height=\"280\" src=\"https:\/\/greentec.eu.bluebird.pw\/wp-content\/uploads\/2023\/09\/ECO-mode-Web-404x280.webp\" class=\"attachment-410x280x size-410x280x\" alt=\"ECO-Mode\" srcset=\"https:\/\/greentec.eu.bluebird.pw\/wp-content\/uploads\/2023\/09\/ECO-mode-Web-404x280.webp 404w, https:\/\/greentec.eu.bluebird.pw\/wp-content\/uploads\/2023\/09\/ECO-mode-Web-150x104.webp 150w, https:\/\/greentec.eu.bluebird.pw\/wp-content\/uploads\/2023\/09\/ECO-mode-Web-180x125.webp 180w, https:\/\/greentec.eu.bluebird.pw\/wp-content\/uploads\/2023\/09\/ECO-mode-Web-300x208.webp 300w, https:\/\/greentec.eu.bluebird.pw\/wp-content\/uploads\/2023\/09\/ECO-mode-Web-600x416.webp 600w, https:\/\/greentec.eu.bluebird.pw\/wp-content\/uploads\/2023\/09\/ECO-mode-Web.webp 678w\" sizes=\"auto, (max-width: 404px) 100vw, 404px\" \/>            <\/div>\n            <\/div>\n    <div class=\"mtt-article-card__text\">\n                    <div class=\"mtt-article-card__category\">\n                Anleitung            <\/div>\n                <div class=\"mtt-article-card__title\">\n            ECO-Modus &#8211; Spider Serie        <\/div>\n    <\/div>\n<\/a>\n<a class=\"mtt-article-card\" href=\"https:\/\/greentec.eu.bluebird.pw\/de\/artikel\/auto-height-control-einstellen-spider-serie\/\">\n    <div class=\"mtt-article-card__image\">\n                                <div class=\"object-fit object-fit--fill\">\n                <img loading=\"lazy\" decoding=\"async\" width=\"404\" height=\"280\" src=\"https:\/\/greentec.eu.bluebird.pw\/wp-content\/uploads\/2023\/09\/Auto-Height-Control-Spider-series-web-404x280.webp\" class=\"attachment-410x280x size-410x280x\" alt=\"Auto Height Control\" srcset=\"https:\/\/greentec.eu.bluebird.pw\/wp-content\/uploads\/2023\/09\/Auto-Height-Control-Spider-series-web-404x280.webp 404w, https:\/\/greentec.eu.bluebird.pw\/wp-content\/uploads\/2023\/09\/Auto-Height-Control-Spider-series-web-150x104.webp 150w, https:\/\/greentec.eu.bluebird.pw\/wp-content\/uploads\/2023\/09\/Auto-Height-Control-Spider-series-web-180x125.webp 180w, https:\/\/greentec.eu.bluebird.pw\/wp-content\/uploads\/2023\/09\/Auto-Height-Control-Spider-series-web-300x208.webp 300w, https:\/\/greentec.eu.bluebird.pw\/wp-content\/uploads\/2023\/09\/Auto-Height-Control-Spider-series-web-600x416.webp 600w, https:\/\/greentec.eu.bluebird.pw\/wp-content\/uploads\/2023\/09\/Auto-Height-Control-Spider-series-web.webp 678w\" sizes=\"auto, (max-width: 404px) 100vw, 404px\" \/>            <\/div>\n            <\/div>\n    <div class=\"mtt-article-card__text\">\n                    <div class=\"mtt-article-card__category\">\n                Anleitung            <\/div>\n                <div class=\"mtt-article-card__title\">\n            Auto Height Control einstellen &#8211; Spider Serie        <\/div>\n    <\/div>\n<\/a>\n<a class=\"mtt-article-card\" href=\"https:\/\/greentec.eu.bluebird.pw\/de\/artikel\/greentec-spider-serie-maehen-auf-beiden-seiten-des-traktors\/\">\n    <div class=\"mtt-article-card__image\">\n                                <div class=\"object-fit object-fit--fill\">\n                <img loading=\"lazy\" decoding=\"async\" width=\"404\" height=\"280\" src=\"https:\/\/greentec.eu.bluebird.pw\/wp-content\/uploads\/2023\/04\/Spider-series-Product-release-DE-404x280.webp\" class=\"attachment-410x280x size-410x280x\" alt=\"GreenTec Spider Serie\" srcset=\"https:\/\/greentec.eu.bluebird.pw\/wp-content\/uploads\/2023\/04\/Spider-series-Product-release-DE-404x280.webp 404w, https:\/\/greentec.eu.bluebird.pw\/wp-content\/uploads\/2023\/04\/Spider-series-Product-release-DE-300x208.webp 300w, https:\/\/greentec.eu.bluebird.pw\/wp-content\/uploads\/2023\/04\/Spider-series-Product-release-DE-150x104.webp 150w, https:\/\/greentec.eu.bluebird.pw\/wp-content\/uploads\/2023\/04\/Spider-series-Product-release-DE-180x125.webp 180w, https:\/\/greentec.eu.bluebird.pw\/wp-content\/uploads\/2023\/04\/Spider-series-Product-release-DE-600x416.webp 600w, https:\/\/greentec.eu.bluebird.pw\/wp-content\/uploads\/2023\/04\/Spider-series-Product-release-DE.webp 678w\" sizes=\"auto, (max-width: 404px) 100vw, 404px\" \/>            <\/div>\n            <\/div>\n    <div class=\"mtt-article-card__text\">\n                    <div class=\"mtt-article-card__category\">\n                Produktneuheiten            <\/div>\n                <div class=\"mtt-article-card__title\">\n            GreenTec Spider Serie &#8211; M\u00e4hen Sie auf beiden Seiten des Traktors        <\/div>\n    <\/div>\n<\/a>            <\/div>\n\n            <div class=\"mtt-archive__pagination\" data-archive-pagination>\n                <div class='mtt-pagination'><button class='mtt-pagination__toggle' data-page='0' aria-label='Forrige' disabled><svg xmlns=\"http:\/\/www.w3.org\/2000\/svg\" viewBox=\"0 0 6 10\" fill=\"currentColor\"><path d=\"M6 9a1 1 0 0 1-.293.707 1 1 0 0 1-1.414 0l-4-4a1 1 0 0 1 0-1.414 1 1 0 0 1 1.414 0l4 4A1 1 0 0 1 6 9Z\"\/><path d=\"M6 1a1 1 0 0 1-.293.707l-4 4a1 1 0 0 1-1.414 0 1 1 0 0 1 0-1.414l4-4A1 1 0 0 1 6 1Z\"\/><\/svg><\/button><span class='mtt-pagination__toggle mtt-pagination__toggle--active' data-page='1'>1<\/span><button class='mtt-pagination__toggle' data-page='2'>2<\/button><button class='mtt-pagination__toggle' data-page='2' aria-label='N\u00e6ste'><svg xmlns=\"http:\/\/www.w3.org\/2000\/svg\" viewBox=\"0 0 6 10\" fill=\"currentColor\"><path d=\"M6 5a1 1 0 0 1-.293.707l-4 4a1 1 0 0 1-1.414 0 1 1 0 0 1 0-1.414l4-4A1 1 0 0 1 6 5Z\"\/><path d=\"M6 5a1 1 0 0 1-.293.707 1 1 0 0 1-1.414 0l-4-4a1 1 0 0 1 0-1.414 1 1 0 0 1 1.414 0l4 4A1 1 0 0 1 6 5Z\"\/><\/svg><\/button><\/div>            <\/div>\n        <\/div>\n    <\/div>\n<\/section><\/div><\/div><\/div><\/div><\/div>","protected":false},"excerpt":{"rendered":"<p>Artikel Entdecken und lernen Informieren Sie sich \u00fcber Nachrichten bei GreenTec und erhalten Sie Tipps zur Nutzung Ihrer GreenTec-Maschinen! AlleProduktneuheitenAktivit\u00e4tAnleitung AlleSpiderScorpionRXRI Anleitung Anbau des 4-Punkt-Montagesystems &#8211; Spider und Scorpion 6 &#038; 8 Serie Aktivit\u00e4t Wim van Breda als GreenTec-H\u00e4ndler des Jahres 2023 ausgezeichnet Produktneuheiten GreenTec Scorpion 530 &#038; 630 &#8211; Basic Front &#8211; Neue Frontanbau [&hellip;]<\/p>\n","protected":false},"author":1,"featured_media":0,"parent":0,"menu_order":0,"comment_status":"closed","ping_status":"closed","template":"","meta":{"_acf_changed":false,"_relevanssi_hide_post":"","_relevanssi_hide_content":"","_relevanssi_pin_for_all":"","_relevanssi_pin_keywords":"","_relevanssi_unpin_keywords":"","_relevanssi_related_keywords":"","_relevanssi_related_include_ids":"","_relevanssi_related_exclude_ids":"","_relevanssi_related_no_append":"","_relevanssi_related_not_related":"","_relevanssi_related_posts":"","_relevanssi_noindex_reason":"","inline_featured_image":false,"footnotes":""},"class_list":["post-15011","page","type-page","status-publish","hentry"],"acf":[],"yoast_head":"<!-- This site is optimized with the Yoast SEO plugin v27.0 - https:\/\/yoast.com\/product\/yoast-seo-wordpress\/ -->\n<title>Entdecken und lernen - GreenTec<\/title>\n<meta name=\"robots\" content=\"index, follow, max-snippet:-1, max-image-preview:large, max-video-preview:-1\" \/>\n<link rel=\"canonical\" href=\"https:\/\/greentec.eu.bluebird.pw\/de\/entdecken-lernen\/\" \/>\n<meta property=\"og:locale\" content=\"de_DE\" \/>\n<meta property=\"og:type\" content=\"article\" \/>\n<meta property=\"og:title\" content=\"Entdecken und lernen - GreenTec\" \/>\n<meta property=\"og:description\" content=\"Artikel Entdecken und lernen Informieren Sie sich \u00fcber Nachrichten bei GreenTec und erhalten Sie Tipps zur Nutzung Ihrer GreenTec-Maschinen! AlleProduktneuheitenAktivit\u00e4tAnleitung AlleSpiderScorpionRXRI Anleitung Anbau des 4-Punkt-Montagesystems &#8211; Spider und Scorpion 6 &#038; 8 Serie Aktivit\u00e4t Wim van Breda als GreenTec-H\u00e4ndler des Jahres 2023 ausgezeichnet Produktneuheiten GreenTec Scorpion 530 &#038; 630 &#8211; Basic Front &#8211; Neue Frontanbau [&hellip;]\" \/>\n<meta property=\"og:url\" content=\"https:\/\/greentec.eu.bluebird.pw\/de\/entdecken-lernen\/\" \/>\n<meta property=\"og:site_name\" content=\"GreenTec\" \/>\n<meta property=\"article:modified_time\" content=\"2023-02-02T11:42:47+00:00\" \/>\n<meta name=\"twitter:card\" content=\"summary_large_image\" \/>\n<meta name=\"twitter:label1\" content=\"Gesch\u00e4tzte Lesezeit\" \/>\n\t<meta name=\"twitter:data1\" content=\"1\u00a0Minute\" \/>\n<script type=\"application\/ld+json\" class=\"yoast-schema-graph\">{\"@context\":\"https:\/\/schema.org\",\"@graph\":[{\"@type\":\"WebPage\",\"@id\":\"https:\/\/greentec.eu.bluebird.pw\/de\/entdecken-lernen\/\",\"url\":\"https:\/\/greentec.eu.bluebird.pw\/de\/entdecken-lernen\/\",\"name\":\"Entdecken und lernen - GreenTec\",\"isPartOf\":{\"@id\":\"https:\/\/greentec.eu.bluebird.pw\/de\/#website\"},\"datePublished\":\"2022-08-24T07:27:20+00:00\",\"dateModified\":\"2023-02-02T11:42:47+00:00\",\"inLanguage\":\"de\",\"potentialAction\":[{\"@type\":\"ReadAction\",\"target\":[\"https:\/\/greentec.eu.bluebird.pw\/de\/entdecken-lernen\/\"]}]},{\"@type\":\"WebSite\",\"@id\":\"https:\/\/greentec.eu.bluebird.pw\/de\/#website\",\"url\":\"https:\/\/greentec.eu.bluebird.pw\/de\/\",\"name\":\"GreenTec\",\"description\":\"Maskiner til Hegnsklipning og Rabatklipning\",\"potentialAction\":[{\"@type\":\"SearchAction\",\"target\":{\"@type\":\"EntryPoint\",\"urlTemplate\":\"https:\/\/greentec.eu.bluebird.pw\/de\/?s={search_term_string}\"},\"query-input\":{\"@type\":\"PropertyValueSpecification\",\"valueRequired\":true,\"valueName\":\"search_term_string\"}}],\"inLanguage\":\"de\"}]}<\/script>\n<!-- \/ Yoast SEO plugin. -->","yoast_head_json":{"title":"Entdecken und lernen - GreenTec","robots":{"index":"index","follow":"follow","max-snippet":"max-snippet:-1","max-image-preview":"max-image-preview:large","max-video-preview":"max-video-preview:-1"},"canonical":"https:\/\/greentec.eu.bluebird.pw\/de\/entdecken-lernen\/","og_locale":"de_DE","og_type":"article","og_title":"Entdecken und lernen - GreenTec","og_description":"Artikel Entdecken und lernen Informieren Sie sich \u00fcber Nachrichten bei GreenTec und erhalten Sie Tipps zur Nutzung Ihrer GreenTec-Maschinen! AlleProduktneuheitenAktivit\u00e4tAnleitung AlleSpiderScorpionRXRI Anleitung Anbau des 4-Punkt-Montagesystems &#8211; Spider und Scorpion 6 &#038; 8 Serie Aktivit\u00e4t Wim van Breda als GreenTec-H\u00e4ndler des Jahres 2023 ausgezeichnet Produktneuheiten GreenTec Scorpion 530 &#038; 630 &#8211; Basic Front &#8211; Neue Frontanbau [&hellip;]","og_url":"https:\/\/greentec.eu.bluebird.pw\/de\/entdecken-lernen\/","og_site_name":"GreenTec","article_modified_time":"2023-02-02T11:42:47+00:00","twitter_card":"summary_large_image","twitter_misc":{"Gesch\u00e4tzte Lesezeit":"1\u00a0Minute"},"schema":{"@context":"https:\/\/schema.org","@graph":[{"@type":"WebPage","@id":"https:\/\/greentec.eu.bluebird.pw\/de\/entdecken-lernen\/","url":"https:\/\/greentec.eu.bluebird.pw\/de\/entdecken-lernen\/","name":"Entdecken und lernen - GreenTec","isPartOf":{"@id":"https:\/\/greentec.eu.bluebird.pw\/de\/#website"},"datePublished":"2022-08-24T07:27:20+00:00","dateModified":"2023-02-02T11:42:47+00:00","inLanguage":"de","potentialAction":[{"@type":"ReadAction","target":["https:\/\/greentec.eu.bluebird.pw\/de\/entdecken-lernen\/"]}]},{"@type":"WebSite","@id":"https:\/\/greentec.eu.bluebird.pw\/de\/#website","url":"https:\/\/greentec.eu.bluebird.pw\/de\/","name":"GreenTec","description":"Maskiner til Hegnsklipning og Rabatklipning","potentialAction":[{"@type":"SearchAction","target":{"@type":"EntryPoint","urlTemplate":"https:\/\/greentec.eu.bluebird.pw\/de\/?s={search_term_string}"},"query-input":{"@type":"PropertyValueSpecification","valueRequired":true,"valueName":"search_term_string"}}],"inLanguage":"de"}]}},"_links":{"self":[{"href":"https:\/\/greentec.eu.bluebird.pw\/de\/wp-json\/wp\/v2\/pages\/15011","targetHints":{"allow":["GET"]}}],"collection":[{"href":"https:\/\/greentec.eu.bluebird.pw\/de\/wp-json\/wp\/v2\/pages"}],"about":[{"href":"https:\/\/greentec.eu.bluebird.pw\/de\/wp-json\/wp\/v2\/types\/page"}],"author":[{"embeddable":true,"href":"https:\/\/greentec.eu.bluebird.pw\/de\/wp-json\/wp\/v2\/users\/1"}],"replies":[{"embeddable":true,"href":"https:\/\/greentec.eu.bluebird.pw\/de\/wp-json\/wp\/v2\/comments?post=15011"}],"version-history":[{"count":11,"href":"https:\/\/greentec.eu.bluebird.pw\/de\/wp-json\/wp\/v2\/pages\/15011\/revisions"}],"predecessor-version":[{"id":20405,"href":"https:\/\/greentec.eu.bluebird.pw\/de\/wp-json\/wp\/v2\/pages\/15011\/revisions\/20405"}],"wp:attachment":[{"href":"https:\/\/greentec.eu.bluebird.pw\/de\/wp-json\/wp\/v2\/media?parent=15011"}],"curies":[{"name":"wp","href":"https:\/\/api.w.org\/{rel}","templated":true}]}}