{"id":14877,"date":"2022-06-13T08:55:17","date_gmt":"2022-06-13T08:55:17","guid":{"rendered":"https:\/\/greentec.eu.bluebird.pw.bluebird.pw\/privacy-policy\/"},"modified":"2023-04-18T08:47:44","modified_gmt":"2023-04-18T08:47:44","slug":"datenschutzbestimmungen","status":"publish","type":"page","link":"https:\/\/greentec.eu.bluebird.pw\/de\/datenschutzbestimmungen\/","title":{"rendered":"Datenschutzbestimmungen"},"content":{"rendered":"<div id=\"pl-14877\"  class=\"panel-layout\" ><div id=\"pg-14877-0\"  class=\"panel-grid panel-no-style\" ><div id=\"pgc-14877-0-0\"  class=\"panel-grid-cell\" ><div id=\"panel-14877-0-0-0\" class=\"so-panel widget widget_mtt-cover panel-first-child panel-last-child\" data-index=\"0\" ><div\n\t\t\t\n\t\t\tclass=\"so-widget-mtt-cover so-widget-mtt-cover-base\"\n\t\t\t\n\t\t>\n<section class=\"mtt-cover\">\n\n            <img decoding=\"async\" class=\"mtt-cover__graphic graphic graphic--cover-corner\" src=\"https:\/\/greentec.eu.bluebird.pw\/wp-content\/themes\/greentec-wordpress-theme\/public\/img\/graphic\/cover-bottom-right-shape-white.svg\" alt=\"\"\/>\n    \n    <div class=\"mtt-cover__inner\">\n        <div class=\"mtt-cover__page-container page_container\">\n            <div class=\"mtt-cover__text-container\">\n                                                                            <\/div>\n\n                    <\/div>\n\n        <div class=\"mtt-cover__images\">\n                            <div class=\"mtt-image object-fit\">\n                    <picture>\n                                                    <source srcset=\"https:\/\/greentec.eu.bluebird.pw\/wp-content\/uploads\/2022\/12\/Privacy-policy-mobile.webp\" media=\"(max-width: 550px)\">\n                                                                        <img decoding=\"async\" src=\"https:\/\/greentec.eu.bluebird.pw\/wp-content\/uploads\/2022\/12\/Privacy-policy-desktop.webp\" alt=\"Privacy policy\">\n                    <\/picture>\n                <\/div>\n                                            <\/div>\n\n    <\/div>\n<\/section><\/div><\/div><\/div><\/div><div id=\"pg-14877-1\"  class=\"panel-grid panel-no-style\" ><div id=\"pgc-14877-1-0\"  class=\"panel-grid-cell\" ><div id=\"panel-14877-1-0-0\" class=\"so-panel widget widget_mtt-text-columns-image panel-first-child panel-last-child\" data-index=\"1\" ><div\n\t\t\t\n\t\t\tclass=\"so-widget-mtt-text-columns-image so-widget-mtt-text-columns-image-base\"\n\t\t\t\n\t\t>\n<section class=\"mtt-text-columns-image spacing_top_32 spacing_bottom_32 spacing-classes-added\">\n    <div class=\"mtt-text-columns-image__inner\">\n        <div class=\"page_container\">\n            <div class=\"mtt-text-columns-image__text-wrap full\">\n                                                    <h1 class=\"mtt-text-columns-image__title title title--2\">Datenschutzbestimmungen<\/h1>\n                \n                \n                            <\/div>\n        <\/div>\n\n        \n    <\/div>\n<\/section><\/div><\/div><\/div><\/div><div id=\"pg-14877-2\"  class=\"panel-grid panel-no-style\" ><div id=\"pgc-14877-2-0\"  class=\"panel-grid-cell\" ><div id=\"panel-14877-2-0-0\" class=\"so-panel widget widget_mtt-single-content panel-first-child panel-last-child\" data-index=\"2\" ><div\n\t\t\t\n\t\t\tclass=\"so-widget-mtt-single-content so-widget-mtt-single-content-base\"\n\t\t\t\n\t\t>\n<section class=\"mtt-single-post  spacing_bottom_80 spacing-classes-added\">\n    <div class=\"mtt-single-post__inner page_container\">\n        <article class=\"mtt-single-post__content mtt-single-post__content--full\">\n                            <div class=\"wysiwyg\">\n                    <p>Wenn Sie unsere Website besuchen, werden Informationen \u00fcber Sie gesammelt, die verwendet werden, um unsere Inhalte anzupassen und zu verbessern und den Wert der auf der Seite angezeigten Anzeigen zu steigern. Wenn Sie nicht m\u00f6chten, dass Daten \u00fcber Sie gesammelt werden, m\u00fcssen Sie Ihre Cookies l\u00f6schen (siehe Anleitung) und die weitere Nutzung der Website vermeiden. Nachfolgend haben wir erl\u00e4utert, welche Informationen gesammelt werden, zu welchem Zweck und welche Dritten Zugriff darauf haben.<\/p>\n<p>&nbsp;<\/p>\n<h2>Cookies<\/h2>\n<p><script id=\"CookieDeclaration\" data-culture=\"de\" src=\"https:\/\/consent.cookiebot.com\/a4212a77-498f-4a4a-8fee-de0ad53e292e\/cd.js\" type=\"text\/javascript\" async><\/script><\/p>\n<p>&nbsp;<\/p>\n<h2>Pers\u00f6nliche Daten<\/h2>\n<p><strong>Im Algemeinen<\/strong><\/p>\n<p>Personenbezogene Daten sind alle Arten von Informationen, die in gewissem Umfang mit Ihnen in Verbindung gebracht werden k\u00f6nnen. Bei der Nutzung unserer Website erheben und verarbeiten wir eine Vielzahl solcher Informationen. Dies kann beim Aufrufen von Inhalten, bei der Anmeldung zum Newsletter, bei der Teilnahme an Gewinnspielen oder Umfragen, bei der Nutzung unserer Dienste oder beim Versenden von Anfragen geschehen.<\/p>\n<p>Wir erfassen und verarbeiten normalerweise die folgenden Arten von Informationen: Eine eindeutige ID und technische Informationen \u00fcber Ihren Computer, Ihr Tablet oder Mobiltelefon, Ihre IP-Nummer, Ihren geografischen Standort und welche Seiten Sie anklicken (Interessen). Wir erfassen auch Name, Telefonnummer, E-Mail und Adresse, wenn Sie ausdr\u00fccklich zustimmen und die Informationen selbst eingeben. Dies ist typischerweise mit Anfragen zu unseren Produkten verbunden.<\/p>\n<p><strong>Sicherheit<\/strong><\/p>\n<p>Wir haben technische und organisatorische Ma\u00dfnahmen dagegen ergriffen, dass Ihre Daten versehentlich oder unrechtm\u00e4\u00dfig gel\u00f6scht, ver\u00f6ffentlicht, verloren, beeintr\u00e4chtigt oder einer Person bekannt werden, missbraucht oder anderweitig rechtswidrig behandelt werden.<\/p>\n<p><strong>Zweck<\/strong><\/p>\n<p>Die Informationen werden verwendet, um Sie als Benutzer zu identifizieren und Anzeigen anzuzeigen, die f\u00fcr Sie am wahrscheinlichsten relevant sind, um Ihre Bestellungen zu registrieren und um die von Ihnen angeforderten Dienste bereitzustellen, z. B. das Versenden eines Angebots. Dar\u00fcber hinaus verwenden wir die Informationen, um unsere Dienste und Inhalte zu optimieren.<\/p>\n<p><strong>Dauer der Speicherung<\/strong><\/p>\n<p>Die Informationen werden f\u00fcr die gesetzlich zul\u00e4ssige Zeit aufbewahrt und wir l\u00f6schen sie, wenn sie nicht mehr erforderlich sind. Die Dauer h\u00e4ngt von der Art der Informationen und dem Hintergrund der Speicherung ab. Daher ist es nicht m\u00f6glich, einen allgemeinen Zeitraum f\u00fcr die L\u00f6schung von Informationen anzugeben.<\/p>\n<p><strong>Offenlegung von Informationen<\/strong><\/p>\n<p>Daten \u00fcber Ihre Nutzung der Website, welche Anzeigen Sie erhalten und anklicken, geografischer Standort, Geschlecht und Alter usw. werden an Dritte weitergegeben, soweit die Informationen bekannt sind. Die Informationen werden f\u00fcr zielgerichtete Werbung verwendet.<\/p>\n<p>Dar\u00fcber hinaus verwenden wir eine Reihe von Drittanbietern, um Daten zu speichern und zu verarbeiten. Diese behandeln nur Informationen in unserem Auftrag und d\u00fcrfen die Daten nicht f\u00fcr eigene Zwecke verwenden.<\/p>\n<p>Die Weitergabe personenbezogener Daten wie Name und E-Mail erfolgt nur, wenn Sie damit einverstanden sind. Wir verwenden nur Datenverarbeiter in der EU oder in L\u00e4ndern, die Ihre Daten angemessen sch\u00fctzen k\u00f6nnen.<\/p>\n<p><strong>Einsichten und Beschwerden<\/strong><\/p>\n<p>Sie haben das Recht zu erfahren, welche personenbezogenen Daten wir \u00fcber Sie erfassen. Sie k\u00f6nnen der Verwendung der Informationen auch jederzeit widersprechen. Sie k\u00f6nnen auch Ihre Einwilligung zur Verarbeitung von Informationen \u00fcber Sie widerrufen. Wenn die \u00fcber Sie verarbeiteten Informationen unrichtig sind, haben Sie das Recht, diese berichtigen oder l\u00f6schen zu lassen. Bitte kontaktieren Sie:\u00a0<a href=\"mailto:info@greentec.eu\">info@greentec<\/a>.eu\u00a0f\u00fcr F\u00e4lle von Einsichten oder Beschwerden.<\/p>\n<p><strong>Herausgeber<\/strong><\/p>\n<p>Die Website ist Eigentum und wird ver\u00f6ffentlicht von:<\/p>\n<p>GreenTec A\/S<\/p>\n<p>Merkurvej 25, DK-6000 Kolding<\/p>\n<p>Telefon: +45 75 55 36 44<\/p>\n<p>E-Mail: info@greentec.eu<\/p>\n                <\/div>\n                                <\/article>\n\n            <\/div>\n<\/section><\/div><\/div><\/div><\/div><\/div>","protected":false},"excerpt":{"rendered":"<p>Datenschutzbestimmungen Wenn Sie unsere Website besuchen, werden Informationen \u00fcber Sie gesammelt, die verwendet werden, um unsere Inhalte anzupassen und zu verbessern und den Wert der auf der Seite angezeigten Anzeigen zu steigern. Wenn Sie nicht m\u00f6chten, dass Daten \u00fcber Sie gesammelt werden, m\u00fcssen Sie Ihre Cookies l\u00f6schen (siehe Anleitung) und die weitere Nutzung der Website [&hellip;]<\/p>\n","protected":false},"author":1,"featured_media":0,"parent":0,"menu_order":0,"comment_status":"closed","ping_status":"open","template":"","meta":{"_acf_changed":false,"_relevanssi_hide_post":"","_relevanssi_hide_content":"","_relevanssi_pin_for_all":"","_relevanssi_pin_keywords":"","_relevanssi_unpin_keywords":"","_relevanssi_related_keywords":"","_relevanssi_related_include_ids":"","_relevanssi_related_exclude_ids":"","_relevanssi_related_no_append":"","_relevanssi_related_not_related":"","_relevanssi_related_posts":"","_relevanssi_noindex_reason":"","inline_featured_image":false,"footnotes":""},"class_list":["post-14877","page","type-page","status-publish","hentry"],"acf":[],"yoast_head":"<!-- This site is optimized with the Yoast SEO plugin v27.0 - https:\/\/yoast.com\/product\/yoast-seo-wordpress\/ -->\n<title>Datenschutzbestimmungen - GreenTec<\/title>\n<meta name=\"robots\" content=\"index, follow, max-snippet:-1, max-image-preview:large, max-video-preview:-1\" \/>\n<link rel=\"canonical\" href=\"https:\/\/greentec.eu.bluebird.pw\/de\/datenschutzbestimmungen\/\" \/>\n<meta property=\"og:locale\" content=\"de_DE\" \/>\n<meta property=\"og:type\" content=\"article\" \/>\n<meta property=\"og:title\" content=\"Datenschutzbestimmungen - GreenTec\" \/>\n<meta property=\"og:description\" content=\"Datenschutzbestimmungen Wenn Sie unsere Website besuchen, werden Informationen \u00fcber Sie gesammelt, die verwendet werden, um unsere Inhalte anzupassen und zu verbessern und den Wert der auf der Seite angezeigten Anzeigen zu steigern. Wenn Sie nicht m\u00f6chten, dass Daten \u00fcber Sie gesammelt werden, m\u00fcssen Sie Ihre Cookies l\u00f6schen (siehe Anleitung) und die weitere Nutzung der Website [&hellip;]\" \/>\n<meta property=\"og:url\" content=\"https:\/\/greentec.eu.bluebird.pw\/de\/datenschutzbestimmungen\/\" \/>\n<meta property=\"og:site_name\" content=\"GreenTec\" \/>\n<meta property=\"article:modified_time\" content=\"2023-04-18T08:47:44+00:00\" \/>\n<meta name=\"twitter:card\" content=\"summary_large_image\" \/>\n<meta name=\"twitter:label1\" content=\"Gesch\u00e4tzte Lesezeit\" \/>\n\t<meta name=\"twitter:data1\" content=\"1\u00a0Minute\" \/>\n<script type=\"application\/ld+json\" class=\"yoast-schema-graph\">{\"@context\":\"https:\/\/schema.org\",\"@graph\":[{\"@type\":\"WebPage\",\"@id\":\"https:\/\/greentec.eu.bluebird.pw\/de\/datenschutzbestimmungen\/\",\"url\":\"https:\/\/greentec.eu.bluebird.pw\/de\/datenschutzbestimmungen\/\",\"name\":\"Datenschutzbestimmungen - GreenTec\",\"isPartOf\":{\"@id\":\"https:\/\/greentec.eu.bluebird.pw\/de\/#website\"},\"datePublished\":\"2022-06-13T08:55:17+00:00\",\"dateModified\":\"2023-04-18T08:47:44+00:00\",\"inLanguage\":\"de\",\"potentialAction\":[{\"@type\":\"ReadAction\",\"target\":[\"https:\/\/greentec.eu.bluebird.pw\/de\/datenschutzbestimmungen\/\"]}]},{\"@type\":\"WebSite\",\"@id\":\"https:\/\/greentec.eu.bluebird.pw\/de\/#website\",\"url\":\"https:\/\/greentec.eu.bluebird.pw\/de\/\",\"name\":\"GreenTec\",\"description\":\"Maskiner til Hegnsklipning og Rabatklipning\",\"potentialAction\":[{\"@type\":\"SearchAction\",\"target\":{\"@type\":\"EntryPoint\",\"urlTemplate\":\"https:\/\/greentec.eu.bluebird.pw\/de\/?s={search_term_string}\"},\"query-input\":{\"@type\":\"PropertyValueSpecification\",\"valueRequired\":true,\"valueName\":\"search_term_string\"}}],\"inLanguage\":\"de\"}]}<\/script>\n<!-- \/ Yoast SEO plugin. -->","yoast_head_json":{"title":"Datenschutzbestimmungen - GreenTec","robots":{"index":"index","follow":"follow","max-snippet":"max-snippet:-1","max-image-preview":"max-image-preview:large","max-video-preview":"max-video-preview:-1"},"canonical":"https:\/\/greentec.eu.bluebird.pw\/de\/datenschutzbestimmungen\/","og_locale":"de_DE","og_type":"article","og_title":"Datenschutzbestimmungen - GreenTec","og_description":"Datenschutzbestimmungen Wenn Sie unsere Website besuchen, werden Informationen \u00fcber Sie gesammelt, die verwendet werden, um unsere Inhalte anzupassen und zu verbessern und den Wert der auf der Seite angezeigten Anzeigen zu steigern. Wenn Sie nicht m\u00f6chten, dass Daten \u00fcber Sie gesammelt werden, m\u00fcssen Sie Ihre Cookies l\u00f6schen (siehe Anleitung) und die weitere Nutzung der Website [&hellip;]","og_url":"https:\/\/greentec.eu.bluebird.pw\/de\/datenschutzbestimmungen\/","og_site_name":"GreenTec","article_modified_time":"2023-04-18T08:47:44+00:00","twitter_card":"summary_large_image","twitter_misc":{"Gesch\u00e4tzte Lesezeit":"1\u00a0Minute"},"schema":{"@context":"https:\/\/schema.org","@graph":[{"@type":"WebPage","@id":"https:\/\/greentec.eu.bluebird.pw\/de\/datenschutzbestimmungen\/","url":"https:\/\/greentec.eu.bluebird.pw\/de\/datenschutzbestimmungen\/","name":"Datenschutzbestimmungen - GreenTec","isPartOf":{"@id":"https:\/\/greentec.eu.bluebird.pw\/de\/#website"},"datePublished":"2022-06-13T08:55:17+00:00","dateModified":"2023-04-18T08:47:44+00:00","inLanguage":"de","potentialAction":[{"@type":"ReadAction","target":["https:\/\/greentec.eu.bluebird.pw\/de\/datenschutzbestimmungen\/"]}]},{"@type":"WebSite","@id":"https:\/\/greentec.eu.bluebird.pw\/de\/#website","url":"https:\/\/greentec.eu.bluebird.pw\/de\/","name":"GreenTec","description":"Maskiner til Hegnsklipning og Rabatklipning","potentialAction":[{"@type":"SearchAction","target":{"@type":"EntryPoint","urlTemplate":"https:\/\/greentec.eu.bluebird.pw\/de\/?s={search_term_string}"},"query-input":{"@type":"PropertyValueSpecification","valueRequired":true,"valueName":"search_term_string"}}],"inLanguage":"de"}]}},"_links":{"self":[{"href":"https:\/\/greentec.eu.bluebird.pw\/de\/wp-json\/wp\/v2\/pages\/14877","targetHints":{"allow":["GET"]}}],"collection":[{"href":"https:\/\/greentec.eu.bluebird.pw\/de\/wp-json\/wp\/v2\/pages"}],"about":[{"href":"https:\/\/greentec.eu.bluebird.pw\/de\/wp-json\/wp\/v2\/types\/page"}],"author":[{"embeddable":true,"href":"https:\/\/greentec.eu.bluebird.pw\/de\/wp-json\/wp\/v2\/users\/1"}],"replies":[{"embeddable":true,"href":"https:\/\/greentec.eu.bluebird.pw\/de\/wp-json\/wp\/v2\/comments?post=14877"}],"version-history":[{"count":10,"href":"https:\/\/greentec.eu.bluebird.pw\/de\/wp-json\/wp\/v2\/pages\/14877\/revisions"}],"predecessor-version":[{"id":24165,"href":"https:\/\/greentec.eu.bluebird.pw\/de\/wp-json\/wp\/v2\/pages\/14877\/revisions\/24165"}],"wp:attachment":[{"href":"https:\/\/greentec.eu.bluebird.pw\/de\/wp-json\/wp\/v2\/media?parent=14877"}],"curies":[{"name":"wp","href":"https:\/\/api.w.org\/{rel}","templated":true}]}}