{"id":15013,"date":"2022-08-24T07:27:20","date_gmt":"2022-08-24T07:27:20","guid":{"rendered":"https:\/\/greentec.eu.bluebird.pw.bluebird.pw\/explore-learn\/"},"modified":"2023-02-02T11:42:11","modified_gmt":"2023-02-02T11:42:11","slug":"udforsk-laer","status":"publish","type":"page","link":"https:\/\/greentec.eu.bluebird.pw\/da\/udforsk-laer\/","title":{"rendered":"Udforsk og l\u00e6r"},"content":{"rendered":"<div id=\"pl-15013\"  class=\"panel-layout\" ><div id=\"pg-15013-0\"  class=\"panel-grid panel-no-style\" ><div id=\"pgc-15013-0-0\"  class=\"panel-grid-cell\" ><div id=\"panel-15013-0-0-0\" class=\"so-panel widget widget_mtt-archive panel-first-child panel-last-child\" data-index=\"0\" ><div\n\t\t\t\n\t\t\tclass=\"so-widget-mtt-archive so-widget-mtt-archive-base\"\n\t\t\t\n\t\t>    <section class=\"mtt-text-cover mtt-text-cover--article\">\n        <div class=\"pattern-container\">\n            <img decoding=\"async\" class=\"pattern-container__pattern pattern-container__pattern--left\" src=\"https:\/\/greentec.eu.bluebird.pw\/wp-content\/themes\/greentec-wordpress-theme\/public\/img\/svg\/pattern-text-cover.svg\" alt=\"GreenTec pattern\">\n        <\/div>\n        <div class=\"mtt-text-cover__inner page_container\">\n            <div class=\"mtt-text-cover__text\">\n                <div class=\"mtt-text-cover__text--tagline tagline--prim\">Artikler<\/div>                <h1 class=\"mtt-text-cover__text--title\">Udforsk og l\u00e6r<\/h1>\n                <div class=\"mtt-text-cover__text--text\">F\u00e5 de seneste nyheder hos GreenTec og modtag tips til, hvordan du bruger dine GreenTec maskiner!<\/div>            <\/div>\n    <\/section>\n    <section class=\"mtt-article-archive\" data-archive data-post-type=\"articles\" data-archive-per-page=\"9\">\n    <div class=\"page_container\">\n        <div class=\"mtt-article-categories\" data-parent-tax-slug=\"article_categories\">\n            <ul>\n                <li class='mtt-article-category'><button data-archive-button data-tax-slug='article_categories' data-term-id='0' class='active'>Alle<\/button><\/li><li class='mtt-article-category'><button data-archive-button data-tax-slug='article_categories' data-term-id='723' class=''>Produktnyheder<\/button><\/li><li class='mtt-article-category'><button data-archive-button data-tax-slug='article_categories' data-term-id='719' class=''>Aktiviteter<\/button><\/li><li class='mtt-article-category'><button data-archive-button data-tax-slug='article_categories' data-term-id='357' class=''>Vejledning<\/button><\/li>            <\/ul>\n        <\/div>\n    <\/div>\n\n    <div class=\"mtt-article-archive__content\">\n        <div class=\"page_container\">\n            <div class=\"mtt-article-categories mtt-article-categories--tags\" data-parent-tax-slug=\"article_tags\">\n                <ul>\n                    <li class='mtt-article-tag'><button data-archive-button data-tax-slug='article_tags' data-term-id='0' class='active'>Alle<\/button><\/li><li class='mtt-article-tag'><button data-archive-button data-tax-slug='article_tags' data-term-id='730' class=''>Spider<\/button><\/li><li class='mtt-article-tag'><button data-archive-button data-tax-slug='article_tags' data-term-id='358' class=''>Scorpion<\/button><\/li><li class='mtt-article-tag'><button data-archive-button data-tax-slug='article_tags' data-term-id='789' class=''>RX<\/button><\/li><li class='mtt-article-tag'><button data-archive-button data-tax-slug='article_tags' data-term-id='785' class=''>RI<\/button><\/li>                <\/ul>\n            <\/div>\n\n            <div class=\"mtt-article-archive__grid\" data-archive-target>\n                \n<a class=\"mtt-article-card\" href=\"https:\/\/greentec.eu.bluebird.pw\/da\/artikler\/aarets-succesvirksomhed-2024\/\">\n    <div class=\"mtt-article-card__image\">\n                                <div class=\"object-fit object-fit--fill\">\n                <img loading=\"lazy\" decoding=\"async\" width=\"404\" height=\"280\" src=\"https:\/\/greentec.eu.bluebird.pw\/wp-content\/uploads\/2024\/09\/Succesvirksomhed-2024-404x280.webp\" class=\"attachment-410x280x size-410x280x\" alt=\"GreenTec har vundet prisen som\" srcset=\"https:\/\/greentec.eu.bluebird.pw\/wp-content\/uploads\/2024\/09\/Succesvirksomhed-2024-404x280.webp 404w, https:\/\/greentec.eu.bluebird.pw\/wp-content\/uploads\/2024\/09\/Succesvirksomhed-2024-300x208.webp 300w, https:\/\/greentec.eu.bluebird.pw\/wp-content\/uploads\/2024\/09\/Succesvirksomhed-2024-150x104.webp 150w, https:\/\/greentec.eu.bluebird.pw\/wp-content\/uploads\/2024\/09\/Succesvirksomhed-2024-180x125.webp 180w, https:\/\/greentec.eu.bluebird.pw\/wp-content\/uploads\/2024\/09\/Succesvirksomhed-2024-600x416.webp 600w, https:\/\/greentec.eu.bluebird.pw\/wp-content\/uploads\/2024\/09\/Succesvirksomhed-2024.webp 678w\" sizes=\"auto, (max-width: 404px) 100vw, 404px\" \/>            <\/div>\n            <\/div>\n    <div class=\"mtt-article-card__text\">\n                    <div class=\"mtt-article-card__category\">\n                Aktiviteter            <\/div>\n                <div class=\"mtt-article-card__title\">\n            \u00c5rets Succesvirksomhed 2024        <\/div>\n    <\/div>\n<\/a>\n<a class=\"mtt-article-card\" href=\"https:\/\/greentec.eu.bluebird.pw\/da\/artikler\/demo-tour-2024-jcb-greentec\/\">\n    <div class=\"mtt-article-card__image\">\n                                <div class=\"object-fit object-fit--fill\">\n                <img loading=\"lazy\" decoding=\"async\" width=\"404\" height=\"280\" src=\"https:\/\/greentec.eu.bluebird.pw\/wp-content\/uploads\/2024\/05\/demo-tour-2024-image-1-1-404x280.webp\" class=\"attachment-410x280x size-410x280x\" alt=\"Demo Tour 2024\" srcset=\"https:\/\/greentec.eu.bluebird.pw\/wp-content\/uploads\/2024\/05\/demo-tour-2024-image-1-1-404x280.webp 404w, https:\/\/greentec.eu.bluebird.pw\/wp-content\/uploads\/2024\/05\/demo-tour-2024-image-1-1-300x208.webp 300w, https:\/\/greentec.eu.bluebird.pw\/wp-content\/uploads\/2024\/05\/demo-tour-2024-image-1-1-150x104.webp 150w, https:\/\/greentec.eu.bluebird.pw\/wp-content\/uploads\/2024\/05\/demo-tour-2024-image-1-1-180x125.webp 180w, https:\/\/greentec.eu.bluebird.pw\/wp-content\/uploads\/2024\/05\/demo-tour-2024-image-1-1-600x416.webp 600w, https:\/\/greentec.eu.bluebird.pw\/wp-content\/uploads\/2024\/05\/demo-tour-2024-image-1-1.webp 678w\" sizes=\"auto, (max-width: 404px) 100vw, 404px\" \/>            <\/div>\n            <\/div>\n    <div class=\"mtt-article-card__text\">\n                    <div class=\"mtt-article-card__category\">\n                Aktiviteter            <\/div>\n                <div class=\"mtt-article-card__title\">\n            Demo Tour 2024 &#8211; JCB og GreenTec        <\/div>\n    <\/div>\n<\/a>\n<a class=\"mtt-article-card\" href=\"https:\/\/greentec.eu.bluebird.pw\/da\/artikler\/installation-af-4-punktsmonteringssystem\/\">\n    <div class=\"mtt-article-card__image\">\n                                <div class=\"object-fit object-fit--fill\">\n                <img loading=\"lazy\" decoding=\"async\" width=\"404\" height=\"280\" src=\"https:\/\/greentec.eu.bluebird.pw\/wp-content\/uploads\/2024\/04\/Installation-of-4-point-mounting-system-Spider-and-Scorpion-404x280.webp\" class=\"attachment-410x280x size-410x280x\" alt=\"Installation af 4-punktsmonteringssystem\" srcset=\"https:\/\/greentec.eu.bluebird.pw\/wp-content\/uploads\/2024\/04\/Installation-of-4-point-mounting-system-Spider-and-Scorpion-404x280.webp 404w, https:\/\/greentec.eu.bluebird.pw\/wp-content\/uploads\/2024\/04\/Installation-of-4-point-mounting-system-Spider-and-Scorpion-150x104.webp 150w, https:\/\/greentec.eu.bluebird.pw\/wp-content\/uploads\/2024\/04\/Installation-of-4-point-mounting-system-Spider-and-Scorpion-180x125.webp 180w, https:\/\/greentec.eu.bluebird.pw\/wp-content\/uploads\/2024\/04\/Installation-of-4-point-mounting-system-Spider-and-Scorpion-300x208.webp 300w, https:\/\/greentec.eu.bluebird.pw\/wp-content\/uploads\/2024\/04\/Installation-of-4-point-mounting-system-Spider-and-Scorpion-600x416.webp 600w, https:\/\/greentec.eu.bluebird.pw\/wp-content\/uploads\/2024\/04\/Installation-of-4-point-mounting-system-Spider-and-Scorpion.webp 678w\" sizes=\"auto, (max-width: 404px) 100vw, 404px\" \/>            <\/div>\n            <\/div>\n    <div class=\"mtt-article-card__text\">\n                    <div class=\"mtt-article-card__category\">\n                Vejledning            <\/div>\n                <div class=\"mtt-article-card__title\">\n            Installation af 4-punktsmonteringssystem &#8211; Spider og Scorpion 6 &#038; 8 serie        <\/div>\n    <\/div>\n<\/a>\n<a class=\"mtt-article-card\" href=\"https:\/\/greentec.eu.bluebird.pw\/da\/artikler\/aarets-greentec-forhandler-2023\/\">\n    <div class=\"mtt-article-card__image\">\n                                <div class=\"object-fit object-fit--fill\">\n                <img loading=\"lazy\" decoding=\"async\" width=\"404\" height=\"280\" src=\"https:\/\/greentec.eu.bluebird.pw\/wp-content\/uploads\/2024\/03\/Arets-forhandler-2023-AP-Jorgensen-Image-1-404x280.webp\" class=\"attachment-410x280x size-410x280x\" alt=\"A.P. J\u00f8rgensen er blevet k\u00e5ret som \u00e5rets GreenTec forhandler for 2023\" srcset=\"https:\/\/greentec.eu.bluebird.pw\/wp-content\/uploads\/2024\/03\/Arets-forhandler-2023-AP-Jorgensen-Image-1-404x280.webp 404w, https:\/\/greentec.eu.bluebird.pw\/wp-content\/uploads\/2024\/03\/Arets-forhandler-2023-AP-Jorgensen-Image-1-300x208.webp 300w, https:\/\/greentec.eu.bluebird.pw\/wp-content\/uploads\/2024\/03\/Arets-forhandler-2023-AP-Jorgensen-Image-1-150x104.webp 150w, https:\/\/greentec.eu.bluebird.pw\/wp-content\/uploads\/2024\/03\/Arets-forhandler-2023-AP-Jorgensen-Image-1-180x125.webp 180w, https:\/\/greentec.eu.bluebird.pw\/wp-content\/uploads\/2024\/03\/Arets-forhandler-2023-AP-Jorgensen-Image-1-600x416.webp 600w, https:\/\/greentec.eu.bluebird.pw\/wp-content\/uploads\/2024\/03\/Arets-forhandler-2023-AP-Jorgensen-Image-1.webp 678w\" sizes=\"auto, (max-width: 404px) 100vw, 404px\" \/>            <\/div>\n            <\/div>\n    <div class=\"mtt-article-card__text\">\n                    <div class=\"mtt-article-card__category\">\n                Aktiviteter            <\/div>\n                <div class=\"mtt-article-card__title\">\n            \u00c5rets GreenTec forhandler for 2023        <\/div>\n    <\/div>\n<\/a>\n<a class=\"mtt-article-card\" href=\"https:\/\/greentec.eu.bluebird.pw\/da\/artikler\/greentec-scorpion-530-630-basic-front-nye-frontmonterede-armklippere\/\">\n    <div class=\"mtt-article-card__image\">\n                                <div class=\"object-fit object-fit--fill\">\n                <img loading=\"lazy\" decoding=\"async\" width=\"404\" height=\"280\" src=\"https:\/\/greentec.eu.bluebird.pw\/wp-content\/uploads\/2023\/11\/Scorpion-6-Basic-Front-Image-1-404x280.webp\" class=\"attachment-410x280x size-410x280x\" alt=\"GreenTec Scorpion Basic Front\" srcset=\"https:\/\/greentec.eu.bluebird.pw\/wp-content\/uploads\/2023\/11\/Scorpion-6-Basic-Front-Image-1-404x280.webp 404w, https:\/\/greentec.eu.bluebird.pw\/wp-content\/uploads\/2023\/11\/Scorpion-6-Basic-Front-Image-1-150x104.webp 150w, https:\/\/greentec.eu.bluebird.pw\/wp-content\/uploads\/2023\/11\/Scorpion-6-Basic-Front-Image-1-180x125.webp 180w, https:\/\/greentec.eu.bluebird.pw\/wp-content\/uploads\/2023\/11\/Scorpion-6-Basic-Front-Image-1-300x208.webp 300w, https:\/\/greentec.eu.bluebird.pw\/wp-content\/uploads\/2023\/11\/Scorpion-6-Basic-Front-Image-1-600x416.webp 600w, https:\/\/greentec.eu.bluebird.pw\/wp-content\/uploads\/2023\/11\/Scorpion-6-Basic-Front-Image-1.webp 678w\" sizes=\"auto, (max-width: 404px) 100vw, 404px\" \/>            <\/div>\n            <\/div>\n    <div class=\"mtt-article-card__text\">\n                    <div class=\"mtt-article-card__category\">\n                Produktnyheder            <\/div>\n                <div class=\"mtt-article-card__title\">\n            GreenTec Scorpion 530 &#038; 630 &#8211; Basic Front &#8211; Nye frontmonterede armklippere        <\/div>\n    <\/div>\n<\/a>\n<a class=\"mtt-article-card\" href=\"https:\/\/greentec.eu.bluebird.pw\/da\/artikler\/greentec-rx-133-slaa-graes-og-buskads-under-ekstreme-forhold\/\">\n    <div class=\"mtt-article-card__image\">\n                                <div class=\"object-fit object-fit--fill\">\n                <img loading=\"lazy\" decoding=\"async\" width=\"404\" height=\"280\" src=\"https:\/\/greentec.eu.bluebird.pw\/wp-content\/uploads\/2023\/10\/RX-133-image-1-404x280.webp\" class=\"attachment-410x280x size-410x280x\" alt=\"GreenTec RX 133 - Knus grene og buskads\" srcset=\"https:\/\/greentec.eu.bluebird.pw\/wp-content\/uploads\/2023\/10\/RX-133-image-1-404x280.webp 404w, https:\/\/greentec.eu.bluebird.pw\/wp-content\/uploads\/2023\/10\/RX-133-image-1-150x104.webp 150w, https:\/\/greentec.eu.bluebird.pw\/wp-content\/uploads\/2023\/10\/RX-133-image-1-180x125.webp 180w, https:\/\/greentec.eu.bluebird.pw\/wp-content\/uploads\/2023\/10\/RX-133-image-1-300x208.webp 300w, https:\/\/greentec.eu.bluebird.pw\/wp-content\/uploads\/2023\/10\/RX-133-image-1-600x416.webp 600w, https:\/\/greentec.eu.bluebird.pw\/wp-content\/uploads\/2023\/10\/RX-133-image-1.webp 678w\" sizes=\"auto, (max-width: 404px) 100vw, 404px\" \/>            <\/div>\n            <\/div>\n    <div class=\"mtt-article-card__text\">\n                    <div class=\"mtt-article-card__category\">\n                Produktnyheder            <\/div>\n                <div class=\"mtt-article-card__title\">\n            GreenTec RX 133 &#8211; Sl\u00e5 gr\u00e6s og buskads under ekstreme forhold        <\/div>\n    <\/div>\n<\/a>\n<a class=\"mtt-article-card\" href=\"https:\/\/greentec.eu.bluebird.pw\/da\/artikler\/greentec-ri-82-ny-og-forbedret-underhegnsklipper\/\">\n    <div class=\"mtt-article-card__image\">\n                                <div class=\"object-fit object-fit--fill\">\n                <img loading=\"lazy\" decoding=\"async\" width=\"404\" height=\"280\" src=\"https:\/\/greentec.eu.bluebird.pw\/wp-content\/uploads\/2023\/10\/RI-82-image-1-404x280.webp\" class=\"attachment-410x280x size-410x280x\" alt=\"GreenTec RI 82 - Ny og forbedret underhegnsklipper\" srcset=\"https:\/\/greentec.eu.bluebird.pw\/wp-content\/uploads\/2023\/10\/RI-82-image-1-404x280.webp 404w, https:\/\/greentec.eu.bluebird.pw\/wp-content\/uploads\/2023\/10\/RI-82-image-1-150x104.webp 150w, https:\/\/greentec.eu.bluebird.pw\/wp-content\/uploads\/2023\/10\/RI-82-image-1-180x125.webp 180w, https:\/\/greentec.eu.bluebird.pw\/wp-content\/uploads\/2023\/10\/RI-82-image-1-300x208.webp 300w, https:\/\/greentec.eu.bluebird.pw\/wp-content\/uploads\/2023\/10\/RI-82-image-1-600x416.webp 600w, https:\/\/greentec.eu.bluebird.pw\/wp-content\/uploads\/2023\/10\/RI-82-image-1.webp 678w\" sizes=\"auto, (max-width: 404px) 100vw, 404px\" \/>            <\/div>\n            <\/div>\n    <div class=\"mtt-article-card__text\">\n                    <div class=\"mtt-article-card__category\">\n                Produktnyheder            <\/div>\n                <div class=\"mtt-article-card__title\">\n            GreenTec RI 82 &#8211; Ny og forbedret underhegnsklipper        <\/div>\n    <\/div>\n<\/a>\n<a class=\"mtt-article-card\" href=\"https:\/\/greentec.eu.bluebird.pw\/da\/artikler\/indstilling-af-hybrid-armsystem-spider-serie\/\">\n    <div class=\"mtt-article-card__image\">\n                                <div class=\"object-fit object-fit--fill\">\n                <img loading=\"lazy\" decoding=\"async\" width=\"404\" height=\"280\" src=\"https:\/\/greentec.eu.bluebird.pw\/wp-content\/uploads\/2023\/09\/Hybrid-Arm-System-settings-Web-404x280.webp\" class=\"attachment-410x280x size-410x280x\" alt=\"Hybrid Arm System\" srcset=\"https:\/\/greentec.eu.bluebird.pw\/wp-content\/uploads\/2023\/09\/Hybrid-Arm-System-settings-Web-404x280.webp 404w, https:\/\/greentec.eu.bluebird.pw\/wp-content\/uploads\/2023\/09\/Hybrid-Arm-System-settings-Web-150x104.webp 150w, https:\/\/greentec.eu.bluebird.pw\/wp-content\/uploads\/2023\/09\/Hybrid-Arm-System-settings-Web-180x125.webp 180w, https:\/\/greentec.eu.bluebird.pw\/wp-content\/uploads\/2023\/09\/Hybrid-Arm-System-settings-Web-300x208.webp 300w, https:\/\/greentec.eu.bluebird.pw\/wp-content\/uploads\/2023\/09\/Hybrid-Arm-System-settings-Web-600x416.webp 600w, https:\/\/greentec.eu.bluebird.pw\/wp-content\/uploads\/2023\/09\/Hybrid-Arm-System-settings-Web.webp 678w\" sizes=\"auto, (max-width: 404px) 100vw, 404px\" \/>            <\/div>\n            <\/div>\n    <div class=\"mtt-article-card__text\">\n                    <div class=\"mtt-article-card__category\">\n                Vejledning            <\/div>\n                <div class=\"mtt-article-card__title\">\n            Indstilling af Hybrid Armsystem &#8211; Spider serie        <\/div>\n    <\/div>\n<\/a>\n<a class=\"mtt-article-card\" href=\"https:\/\/greentec.eu.bluebird.pw\/da\/artikler\/eco-mode-spider-serie\/\">\n    <div class=\"mtt-article-card__image\">\n                                <div class=\"object-fit object-fit--fill\">\n                <img loading=\"lazy\" decoding=\"async\" width=\"404\" height=\"280\" src=\"https:\/\/greentec.eu.bluebird.pw\/wp-content\/uploads\/2023\/09\/ECO-mode-Web-404x280.webp\" class=\"attachment-410x280x size-410x280x\" alt=\"ECO-Mode\" srcset=\"https:\/\/greentec.eu.bluebird.pw\/wp-content\/uploads\/2023\/09\/ECO-mode-Web-404x280.webp 404w, https:\/\/greentec.eu.bluebird.pw\/wp-content\/uploads\/2023\/09\/ECO-mode-Web-150x104.webp 150w, https:\/\/greentec.eu.bluebird.pw\/wp-content\/uploads\/2023\/09\/ECO-mode-Web-180x125.webp 180w, https:\/\/greentec.eu.bluebird.pw\/wp-content\/uploads\/2023\/09\/ECO-mode-Web-300x208.webp 300w, https:\/\/greentec.eu.bluebird.pw\/wp-content\/uploads\/2023\/09\/ECO-mode-Web-600x416.webp 600w, https:\/\/greentec.eu.bluebird.pw\/wp-content\/uploads\/2023\/09\/ECO-mode-Web.webp 678w\" sizes=\"auto, (max-width: 404px) 100vw, 404px\" \/>            <\/div>\n            <\/div>\n    <div class=\"mtt-article-card__text\">\n                    <div class=\"mtt-article-card__category\">\n                Vejledning            <\/div>\n                <div class=\"mtt-article-card__title\">\n            ECO-mode &#8211; Spider serie        <\/div>\n    <\/div>\n<\/a>            <\/div>\n\n            <div class=\"mtt-archive__pagination\" data-archive-pagination>\n                <div class='mtt-pagination'><button class='mtt-pagination__toggle' data-page='0' aria-label='Forrige' disabled><svg xmlns=\"http:\/\/www.w3.org\/2000\/svg\" viewBox=\"0 0 6 10\" fill=\"currentColor\"><path d=\"M6 9a1 1 0 0 1-.293.707 1 1 0 0 1-1.414 0l-4-4a1 1 0 0 1 0-1.414 1 1 0 0 1 1.414 0l4 4A1 1 0 0 1 6 9Z\"\/><path d=\"M6 1a1 1 0 0 1-.293.707l-4 4a1 1 0 0 1-1.414 0 1 1 0 0 1 0-1.414l4-4A1 1 0 0 1 6 1Z\"\/><\/svg><\/button><span class='mtt-pagination__toggle mtt-pagination__toggle--active' data-page='1'>1<\/span><button class='mtt-pagination__toggle' data-page='2'>2<\/button><button class='mtt-pagination__toggle' data-page='2' aria-label='N\u00e6ste'><svg xmlns=\"http:\/\/www.w3.org\/2000\/svg\" viewBox=\"0 0 6 10\" fill=\"currentColor\"><path d=\"M6 5a1 1 0 0 1-.293.707l-4 4a1 1 0 0 1-1.414 0 1 1 0 0 1 0-1.414l4-4A1 1 0 0 1 6 5Z\"\/><path d=\"M6 5a1 1 0 0 1-.293.707 1 1 0 0 1-1.414 0l-4-4a1 1 0 0 1 0-1.414 1 1 0 0 1 1.414 0l4 4A1 1 0 0 1 6 5Z\"\/><\/svg><\/button><\/div>            <\/div>\n        <\/div>\n    <\/div>\n<\/section><\/div><\/div><\/div><\/div><\/div>","protected":false},"excerpt":{"rendered":"<p>Artikler Udforsk og l\u00e6r F\u00e5 de seneste nyheder hos GreenTec og modtag tips til, hvordan du bruger dine GreenTec maskiner! AlleProduktnyhederAktiviteterVejledning AlleSpiderScorpionRXRI Aktiviteter \u00c5rets Succesvirksomhed 2024 Aktiviteter Demo Tour 2024 &#8211; JCB og GreenTec Vejledning Installation af 4-punktsmonteringssystem &#8211; Spider og Scorpion 6 &#038; 8 serie Aktiviteter \u00c5rets GreenTec forhandler for 2023 Produktnyheder GreenTec Scorpion [&hellip;]<\/p>\n","protected":false},"author":1,"featured_media":0,"parent":0,"menu_order":0,"comment_status":"closed","ping_status":"closed","template":"","meta":{"_acf_changed":false,"_relevanssi_hide_post":"","_relevanssi_hide_content":"","_relevanssi_pin_for_all":"","_relevanssi_pin_keywords":"","_relevanssi_unpin_keywords":"","_relevanssi_related_keywords":"","_relevanssi_related_include_ids":"","_relevanssi_related_exclude_ids":"","_relevanssi_related_no_append":"","_relevanssi_related_not_related":"","_relevanssi_related_posts":"","_relevanssi_noindex_reason":"","inline_featured_image":false,"footnotes":""},"class_list":["post-15013","page","type-page","status-publish","hentry"],"acf":[],"yoast_head":"<!-- This site is optimized with the Yoast SEO plugin v27.0 - https:\/\/yoast.com\/product\/yoast-seo-wordpress\/ -->\n<title>Udforsk og l\u00e6r - GreenTec<\/title>\n<meta name=\"robots\" content=\"index, follow, max-snippet:-1, max-image-preview:large, max-video-preview:-1\" \/>\n<link rel=\"canonical\" href=\"https:\/\/greentec.eu.bluebird.pw\/da\/udforsk-laer\/\" \/>\n<meta property=\"og:locale\" content=\"da_DK\" \/>\n<meta property=\"og:type\" content=\"article\" \/>\n<meta property=\"og:title\" content=\"Udforsk og l\u00e6r - GreenTec\" \/>\n<meta property=\"og:description\" content=\"Artikler Udforsk og l\u00e6r F\u00e5 de seneste nyheder hos GreenTec og modtag tips til, hvordan du bruger dine GreenTec maskiner! AlleProduktnyhederAktiviteterVejledning AlleSpiderScorpionRXRI Aktiviteter \u00c5rets Succesvirksomhed 2024 Aktiviteter Demo Tour 2024 &#8211; JCB og GreenTec Vejledning Installation af 4-punktsmonteringssystem &#8211; Spider og Scorpion 6 &#038; 8 serie Aktiviteter \u00c5rets GreenTec forhandler for 2023 Produktnyheder GreenTec Scorpion [&hellip;]\" \/>\n<meta property=\"og:url\" content=\"https:\/\/greentec.eu.bluebird.pw\/da\/udforsk-laer\/\" \/>\n<meta property=\"og:site_name\" content=\"GreenTec\" \/>\n<meta property=\"article:modified_time\" content=\"2023-02-02T11:42:11+00:00\" \/>\n<meta name=\"twitter:card\" content=\"summary_large_image\" \/>\n<meta name=\"twitter:label1\" content=\"Estimeret l\u00e6setid\" \/>\n\t<meta name=\"twitter:data1\" content=\"1 minut\" \/>\n<script type=\"application\/ld+json\" class=\"yoast-schema-graph\">{\"@context\":\"https:\/\/schema.org\",\"@graph\":[{\"@type\":\"WebPage\",\"@id\":\"https:\/\/greentec.eu.bluebird.pw\/da\/udforsk-laer\/\",\"url\":\"https:\/\/greentec.eu.bluebird.pw\/da\/udforsk-laer\/\",\"name\":\"Udforsk og l\u00e6r - GreenTec\",\"isPartOf\":{\"@id\":\"https:\/\/greentec.eu.bluebird.pw\/da\/#website\"},\"datePublished\":\"2022-08-24T07:27:20+00:00\",\"dateModified\":\"2023-02-02T11:42:11+00:00\",\"inLanguage\":\"da-DK\",\"potentialAction\":[{\"@type\":\"ReadAction\",\"target\":[\"https:\/\/greentec.eu.bluebird.pw\/da\/udforsk-laer\/\"]}]},{\"@type\":\"WebSite\",\"@id\":\"https:\/\/greentec.eu.bluebird.pw\/da\/#website\",\"url\":\"https:\/\/greentec.eu.bluebird.pw\/da\/\",\"name\":\"GreenTec\",\"description\":\"Maskiner til Hegnsklipning og Rabatklipning\",\"potentialAction\":[{\"@type\":\"SearchAction\",\"target\":{\"@type\":\"EntryPoint\",\"urlTemplate\":\"https:\/\/greentec.eu.bluebird.pw\/da\/?s={search_term_string}\"},\"query-input\":{\"@type\":\"PropertyValueSpecification\",\"valueRequired\":true,\"valueName\":\"search_term_string\"}}],\"inLanguage\":\"da-DK\"}]}<\/script>\n<!-- \/ Yoast SEO plugin. -->","yoast_head_json":{"title":"Udforsk og l\u00e6r - GreenTec","robots":{"index":"index","follow":"follow","max-snippet":"max-snippet:-1","max-image-preview":"max-image-preview:large","max-video-preview":"max-video-preview:-1"},"canonical":"https:\/\/greentec.eu.bluebird.pw\/da\/udforsk-laer\/","og_locale":"da_DK","og_type":"article","og_title":"Udforsk og l\u00e6r - GreenTec","og_description":"Artikler Udforsk og l\u00e6r F\u00e5 de seneste nyheder hos GreenTec og modtag tips til, hvordan du bruger dine GreenTec maskiner! AlleProduktnyhederAktiviteterVejledning AlleSpiderScorpionRXRI Aktiviteter \u00c5rets Succesvirksomhed 2024 Aktiviteter Demo Tour 2024 &#8211; JCB og GreenTec Vejledning Installation af 4-punktsmonteringssystem &#8211; Spider og Scorpion 6 &#038; 8 serie Aktiviteter \u00c5rets GreenTec forhandler for 2023 Produktnyheder GreenTec Scorpion [&hellip;]","og_url":"https:\/\/greentec.eu.bluebird.pw\/da\/udforsk-laer\/","og_site_name":"GreenTec","article_modified_time":"2023-02-02T11:42:11+00:00","twitter_card":"summary_large_image","twitter_misc":{"Estimeret l\u00e6setid":"1 minut"},"schema":{"@context":"https:\/\/schema.org","@graph":[{"@type":"WebPage","@id":"https:\/\/greentec.eu.bluebird.pw\/da\/udforsk-laer\/","url":"https:\/\/greentec.eu.bluebird.pw\/da\/udforsk-laer\/","name":"Udforsk og l\u00e6r - GreenTec","isPartOf":{"@id":"https:\/\/greentec.eu.bluebird.pw\/da\/#website"},"datePublished":"2022-08-24T07:27:20+00:00","dateModified":"2023-02-02T11:42:11+00:00","inLanguage":"da-DK","potentialAction":[{"@type":"ReadAction","target":["https:\/\/greentec.eu.bluebird.pw\/da\/udforsk-laer\/"]}]},{"@type":"WebSite","@id":"https:\/\/greentec.eu.bluebird.pw\/da\/#website","url":"https:\/\/greentec.eu.bluebird.pw\/da\/","name":"GreenTec","description":"Maskiner til Hegnsklipning og Rabatklipning","potentialAction":[{"@type":"SearchAction","target":{"@type":"EntryPoint","urlTemplate":"https:\/\/greentec.eu.bluebird.pw\/da\/?s={search_term_string}"},"query-input":{"@type":"PropertyValueSpecification","valueRequired":true,"valueName":"search_term_string"}}],"inLanguage":"da-DK"}]}},"_links":{"self":[{"href":"https:\/\/greentec.eu.bluebird.pw\/da\/wp-json\/wp\/v2\/pages\/15013","targetHints":{"allow":["GET"]}}],"collection":[{"href":"https:\/\/greentec.eu.bluebird.pw\/da\/wp-json\/wp\/v2\/pages"}],"about":[{"href":"https:\/\/greentec.eu.bluebird.pw\/da\/wp-json\/wp\/v2\/types\/page"}],"author":[{"embeddable":true,"href":"https:\/\/greentec.eu.bluebird.pw\/da\/wp-json\/wp\/v2\/users\/1"}],"replies":[{"embeddable":true,"href":"https:\/\/greentec.eu.bluebird.pw\/da\/wp-json\/wp\/v2\/comments?post=15013"}],"version-history":[{"count":8,"href":"https:\/\/greentec.eu.bluebird.pw\/da\/wp-json\/wp\/v2\/pages\/15013\/revisions"}],"predecessor-version":[{"id":20403,"href":"https:\/\/greentec.eu.bluebird.pw\/da\/wp-json\/wp\/v2\/pages\/15013\/revisions\/20403"}],"wp:attachment":[{"href":"https:\/\/greentec.eu.bluebird.pw\/da\/wp-json\/wp\/v2\/media?parent=15013"}],"curies":[{"name":"wp","href":"https:\/\/api.w.org\/{rel}","templated":true}]}}