{"id":14871,"date":"2022-06-13T08:55:17","date_gmt":"2022-06-13T08:55:17","guid":{"rendered":"https:\/\/greentec.eu.bluebird.pw.bluebird.pw\/privacy-policy\/"},"modified":"2023-04-18T08:46:47","modified_gmt":"2023-04-18T08:46:47","slug":"privatlivspolitik","status":"publish","type":"page","link":"https:\/\/greentec.eu.bluebird.pw\/da\/privatlivspolitik\/","title":{"rendered":"Privatlivspolitik"},"content":{"rendered":"<div id=\"pl-14871\"  class=\"panel-layout\" ><div id=\"pg-14871-0\"  class=\"panel-grid panel-no-style\" ><div id=\"pgc-14871-0-0\"  class=\"panel-grid-cell\" ><div id=\"panel-14871-0-0-0\" class=\"so-panel widget widget_mtt-cover panel-first-child panel-last-child\" data-index=\"0\" ><div\n\t\t\t\n\t\t\tclass=\"so-widget-mtt-cover so-widget-mtt-cover-base\"\n\t\t\t\n\t\t>\n<section class=\"mtt-cover\">\n\n            <img decoding=\"async\" class=\"mtt-cover__graphic graphic graphic--cover-corner\" src=\"https:\/\/greentec.eu.bluebird.pw\/wp-content\/themes\/greentec-wordpress-theme\/public\/img\/graphic\/cover-bottom-right-shape-white.svg\" alt=\"\"\/>\n    \n    <div class=\"mtt-cover__inner\">\n        <div class=\"mtt-cover__page-container page_container\">\n            <div class=\"mtt-cover__text-container\">\n                                                                            <\/div>\n\n                    <\/div>\n\n        <div class=\"mtt-cover__images\">\n                            <div class=\"mtt-image object-fit\">\n                    <picture>\n                                                    <source srcset=\"https:\/\/greentec.eu.bluebird.pw\/wp-content\/uploads\/2022\/12\/Privacy-policy-mobile.webp\" media=\"(max-width: 550px)\">\n                                                                        <img decoding=\"async\" src=\"https:\/\/greentec.eu.bluebird.pw\/wp-content\/uploads\/2022\/12\/Privacy-policy-desktop.webp\" alt=\"Privatlivspolitik\">\n                    <\/picture>\n                <\/div>\n                                            <\/div>\n\n    <\/div>\n<\/section><\/div><\/div><\/div><\/div><div id=\"pg-14871-1\"  class=\"panel-grid panel-no-style\" ><div id=\"pgc-14871-1-0\"  class=\"panel-grid-cell\" ><div id=\"panel-14871-1-0-0\" class=\"so-panel widget widget_mtt-text-columns-image panel-first-child panel-last-child\" data-index=\"1\" ><div\n\t\t\t\n\t\t\tclass=\"so-widget-mtt-text-columns-image so-widget-mtt-text-columns-image-base\"\n\t\t\t\n\t\t>\n<section class=\"mtt-text-columns-image spacing_top_32 spacing_bottom_32 spacing-classes-added\">\n    <div class=\"mtt-text-columns-image__inner\">\n        <div class=\"page_container\">\n            <div class=\"mtt-text-columns-image__text-wrap full\">\n                                                    <h1 class=\"mtt-text-columns-image__title title title--2\">Privatlivspolitik<\/h1>\n                \n                \n                            <\/div>\n        <\/div>\n\n        \n    <\/div>\n<\/section><\/div><\/div><\/div><\/div><div id=\"pg-14871-2\"  class=\"panel-grid panel-no-style\" ><div id=\"pgc-14871-2-0\"  class=\"panel-grid-cell\" ><div id=\"panel-14871-2-0-0\" class=\"so-panel widget widget_mtt-single-content panel-first-child panel-last-child\" data-index=\"2\" ><div\n\t\t\t\n\t\t\tclass=\"so-widget-mtt-single-content so-widget-mtt-single-content-base\"\n\t\t\t\n\t\t>\n<section class=\"mtt-single-post  spacing_bottom_80 spacing-classes-added\">\n    <div class=\"mtt-single-post__inner page_container\">\n        <article class=\"mtt-single-post__content mtt-single-post__content--full\">\n                            <div class=\"wysiwyg\">\n                    <p>N\u00e5r du bes\u00f8ger vores hjemmeside, indsamles oplysninger om dig, som bruges til at tilpasse og forbedre vores indhold og til at \u00f8ge v\u00e6rdien af de annoncer, der vises p\u00e5 siden. Hvis du ikke \u00f8nsker, at der indsamles data om dig, skal du slette dine cookies (se instruktioner) og undg\u00e5 yderligere brug af siden. Nedenfor har vi uddybet, hvilke oplysninger der indsamles, deres form\u00e5l og hvilke tredjeparter der har adgang til dem.<\/p>\n<p>&nbsp;<\/p>\n<h2>Cookies<\/h2>\n<p><script id=\"CookieDeclaration\" data-culture=\"da\" src=\"https:\/\/consent.cookiebot.com\/a4212a77-498f-4a4a-8fee-de0ad53e292e\/cd.js\" type=\"text\/javascript\" async><\/script><\/p>\n<p>&nbsp;<\/p>\n<h2>Personlig data<\/h2>\n<p><strong>Generelt<\/strong><\/p>\n<p>Personoplysninger er enhver form for information, der i et vist omfang kan v\u00e6re forbundet med dig. N\u00e5r vi bruger vores hjemmeside, indsamler og behandler vi en r\u00e6kke s\u00e5danne oplysninger. Dette kan forekomme, n\u00e5r du f\u00e5r adgang til indhold, ved at tilmelde dig nyhedsbrevet, deltage i konkurrencer eller unders\u00f8gelser, bruge vores tjenester eller sende foresp\u00f8rgsler.<\/p>\n<p>Vi indsamler og behandler typisk f\u00f8lgende typer oplysninger: Et unikt ID og tekniske oplysninger om din computer, tablet eller mobiltelefon, dit IP-nummer, geografiske placering og hvilke sider du klikker p\u00e5 (interesser). Vi indsamler ogs\u00e5 navn, telefonnummer, e-mail og adresse, n\u00e5r du giver udtrykkeligt samtykke og indtaster oplysningerne p\u00e5 egen h\u00e5nd. Dette vil typisk v\u00e6re forbundet med henvendelser til vores produkter.<\/p>\n<p><strong>Sikkerhed<\/strong><\/p>\n<p>Vi har truffet tekniske og organisatoriske foranstaltninger mod, at dine oplysninger h\u00e6ndeligt eller ulovligt slettes, offentligg\u00f8res, fortabes, forringes eller kommer til en persons kendskab, misbruges eller p\u00e5 anden m\u00e5de behandles i strid med loven.<\/p>\n<p><strong>Form\u00e5l<\/strong><\/p>\n<p>Oplysningerne bruges til at identificere dig som bruger og vise annoncer, der med stor sandsynlighed er relevante for dig, til at registrere dine ordrer og til at levere de tjenester, du har efterspurgt, s\u00e5som at sende et tilbud. Derudover bruger vi oplysningerne til at optimere vores tjenester og indhold.<\/p>\n<p><strong>Opbevaringsperiode<\/strong><\/p>\n<p>Oplysningerne opbevares i det tidsrum, loven tillader, og vi sletter dem, n\u00e5r de ikke l\u00e6ngere er n\u00f8dvendige. Perioden afh\u00e6nger af oplysningernes art og baggrunden for opbevaring. Det er derfor ikke muligt at angive en generel tidsramme for, hvorn\u00e5r oplysninger slettes.<\/p>\n<p><strong>Videregivelse af oplysninger<\/strong><\/p>\n<p>Data om din brug af hjemmesiden, hvilke annoncer du modtager og klikker p\u00e5, geografisk placering, k\u00f8n og alder osv. videregives til tredjemand i det omfang oplysningerne er kendt. Oplysningerne bruges til at m\u00e5lrette annoncer.<\/p>\n<p>Derudover bruger vi en r\u00e6kke tredjeparter til at opbevare og behandle data. Disse besk\u00e6ftiger sig kun med oplysninger p\u00e5 vores vegne og m\u00e5 ikke bruge dataene til deres egne form\u00e5l.<\/p>\n<p>Videregivelse af personlige oplysninger, s\u00e5som navn og e-mail, vil kun ske, hvis du giver samtykke til det. Vi bruger kun databehandlere i EU eller i lande, der kan give dine oplysninger tilstr\u00e6kkelig beskyttelse.<\/p>\n<p><strong>Indsigt og klager<\/strong><\/p>\n<p>Du har ret til at vide, hvilke personlige oplysninger vi indsamler om dig. Du kan ogs\u00e5 til enhver tid g\u00f8re indsigelse mod brugen af oplysninger. Du kan ogs\u00e5 tilbagekalde dit samtykke til at behandle oplysninger om dig. Hvis de oplysninger, der behandles om dig, er forkerte, har du ret til at f\u00e5 dem rettet eller slettet. Kontakt venligst:\u00a0<a href=\"mailto:info@greentec.eu\">info@greentec.eu\u00a0<\/a>for alle tilf\u00e6lde af indsigt eller klager.<\/p>\n<p><strong>Udgiver<\/strong><\/p>\n<p>Hjemmesiden ejes og udgives af:<\/p>\n<p>GreenTec A\/S<\/p>\n<p>Merkurvej 25, DK-6000 Kolding<\/p>\n<p>Phone: +45 75 55 36 44<\/p>\n<p>E-mail: info@greentec.eu<\/p>\n                <\/div>\n                                <\/article>\n\n            <\/div>\n<\/section><\/div><\/div><\/div><\/div><\/div>","protected":false},"excerpt":{"rendered":"<p>Privatlivspolitik N\u00e5r du bes\u00f8ger vores hjemmeside, indsamles oplysninger om dig, som bruges til at tilpasse og forbedre vores indhold og til at \u00f8ge v\u00e6rdien af de annoncer, der vises p\u00e5 siden. Hvis du ikke \u00f8nsker, at der indsamles data om dig, skal du slette dine cookies (se instruktioner) og undg\u00e5 yderligere brug af siden. Nedenfor [&hellip;]<\/p>\n","protected":false},"author":1,"featured_media":0,"parent":0,"menu_order":0,"comment_status":"closed","ping_status":"open","template":"","meta":{"_acf_changed":false,"_relevanssi_hide_post":"","_relevanssi_hide_content":"","_relevanssi_pin_for_all":"","_relevanssi_pin_keywords":"","_relevanssi_unpin_keywords":"","_relevanssi_related_keywords":"","_relevanssi_related_include_ids":"","_relevanssi_related_exclude_ids":"","_relevanssi_related_no_append":"","_relevanssi_related_not_related":"","_relevanssi_related_posts":"","_relevanssi_noindex_reason":"","inline_featured_image":false,"footnotes":""},"class_list":["post-14871","page","type-page","status-publish","hentry"],"acf":[],"yoast_head":"<!-- This site is optimized with the Yoast SEO plugin v27.0 - https:\/\/yoast.com\/product\/yoast-seo-wordpress\/ -->\n<title>Privatlivspolitik - GreenTec<\/title>\n<meta name=\"robots\" content=\"index, follow, max-snippet:-1, max-image-preview:large, max-video-preview:-1\" \/>\n<link rel=\"canonical\" href=\"https:\/\/greentec.eu.bluebird.pw\/da\/privatlivspolitik\/\" \/>\n<meta property=\"og:locale\" content=\"da_DK\" \/>\n<meta property=\"og:type\" content=\"article\" \/>\n<meta property=\"og:title\" content=\"Privatlivspolitik - GreenTec\" \/>\n<meta property=\"og:description\" content=\"Privatlivspolitik N\u00e5r du bes\u00f8ger vores hjemmeside, indsamles oplysninger om dig, som bruges til at tilpasse og forbedre vores indhold og til at \u00f8ge v\u00e6rdien af de annoncer, der vises p\u00e5 siden. Hvis du ikke \u00f8nsker, at der indsamles data om dig, skal du slette dine cookies (se instruktioner) og undg\u00e5 yderligere brug af siden. Nedenfor [&hellip;]\" \/>\n<meta property=\"og:url\" content=\"https:\/\/greentec.eu.bluebird.pw\/da\/privatlivspolitik\/\" \/>\n<meta property=\"og:site_name\" content=\"GreenTec\" \/>\n<meta property=\"article:modified_time\" content=\"2023-04-18T08:46:47+00:00\" \/>\n<meta name=\"twitter:card\" content=\"summary_large_image\" \/>\n<meta name=\"twitter:label1\" content=\"Estimeret l\u00e6setid\" \/>\n\t<meta name=\"twitter:data1\" content=\"1 minut\" \/>\n<script type=\"application\/ld+json\" class=\"yoast-schema-graph\">{\"@context\":\"https:\/\/schema.org\",\"@graph\":[{\"@type\":\"WebPage\",\"@id\":\"https:\/\/greentec.eu.bluebird.pw\/da\/privatlivspolitik\/\",\"url\":\"https:\/\/greentec.eu.bluebird.pw\/da\/privatlivspolitik\/\",\"name\":\"Privatlivspolitik - GreenTec\",\"isPartOf\":{\"@id\":\"https:\/\/greentec.eu.bluebird.pw\/da\/#website\"},\"datePublished\":\"2022-06-13T08:55:17+00:00\",\"dateModified\":\"2023-04-18T08:46:47+00:00\",\"inLanguage\":\"da-DK\",\"potentialAction\":[{\"@type\":\"ReadAction\",\"target\":[\"https:\/\/greentec.eu.bluebird.pw\/da\/privatlivspolitik\/\"]}]},{\"@type\":\"WebSite\",\"@id\":\"https:\/\/greentec.eu.bluebird.pw\/da\/#website\",\"url\":\"https:\/\/greentec.eu.bluebird.pw\/da\/\",\"name\":\"GreenTec\",\"description\":\"Maskiner til Hegnsklipning og Rabatklipning\",\"potentialAction\":[{\"@type\":\"SearchAction\",\"target\":{\"@type\":\"EntryPoint\",\"urlTemplate\":\"https:\/\/greentec.eu.bluebird.pw\/da\/?s={search_term_string}\"},\"query-input\":{\"@type\":\"PropertyValueSpecification\",\"valueRequired\":true,\"valueName\":\"search_term_string\"}}],\"inLanguage\":\"da-DK\"}]}<\/script>\n<!-- \/ Yoast SEO plugin. -->","yoast_head_json":{"title":"Privatlivspolitik - GreenTec","robots":{"index":"index","follow":"follow","max-snippet":"max-snippet:-1","max-image-preview":"max-image-preview:large","max-video-preview":"max-video-preview:-1"},"canonical":"https:\/\/greentec.eu.bluebird.pw\/da\/privatlivspolitik\/","og_locale":"da_DK","og_type":"article","og_title":"Privatlivspolitik - GreenTec","og_description":"Privatlivspolitik N\u00e5r du bes\u00f8ger vores hjemmeside, indsamles oplysninger om dig, som bruges til at tilpasse og forbedre vores indhold og til at \u00f8ge v\u00e6rdien af de annoncer, der vises p\u00e5 siden. Hvis du ikke \u00f8nsker, at der indsamles data om dig, skal du slette dine cookies (se instruktioner) og undg\u00e5 yderligere brug af siden. Nedenfor [&hellip;]","og_url":"https:\/\/greentec.eu.bluebird.pw\/da\/privatlivspolitik\/","og_site_name":"GreenTec","article_modified_time":"2023-04-18T08:46:47+00:00","twitter_card":"summary_large_image","twitter_misc":{"Estimeret l\u00e6setid":"1 minut"},"schema":{"@context":"https:\/\/schema.org","@graph":[{"@type":"WebPage","@id":"https:\/\/greentec.eu.bluebird.pw\/da\/privatlivspolitik\/","url":"https:\/\/greentec.eu.bluebird.pw\/da\/privatlivspolitik\/","name":"Privatlivspolitik - GreenTec","isPartOf":{"@id":"https:\/\/greentec.eu.bluebird.pw\/da\/#website"},"datePublished":"2022-06-13T08:55:17+00:00","dateModified":"2023-04-18T08:46:47+00:00","inLanguage":"da-DK","potentialAction":[{"@type":"ReadAction","target":["https:\/\/greentec.eu.bluebird.pw\/da\/privatlivspolitik\/"]}]},{"@type":"WebSite","@id":"https:\/\/greentec.eu.bluebird.pw\/da\/#website","url":"https:\/\/greentec.eu.bluebird.pw\/da\/","name":"GreenTec","description":"Maskiner til Hegnsklipning og Rabatklipning","potentialAction":[{"@type":"SearchAction","target":{"@type":"EntryPoint","urlTemplate":"https:\/\/greentec.eu.bluebird.pw\/da\/?s={search_term_string}"},"query-input":{"@type":"PropertyValueSpecification","valueRequired":true,"valueName":"search_term_string"}}],"inLanguage":"da-DK"}]}},"_links":{"self":[{"href":"https:\/\/greentec.eu.bluebird.pw\/da\/wp-json\/wp\/v2\/pages\/14871","targetHints":{"allow":["GET"]}}],"collection":[{"href":"https:\/\/greentec.eu.bluebird.pw\/da\/wp-json\/wp\/v2\/pages"}],"about":[{"href":"https:\/\/greentec.eu.bluebird.pw\/da\/wp-json\/wp\/v2\/types\/page"}],"author":[{"embeddable":true,"href":"https:\/\/greentec.eu.bluebird.pw\/da\/wp-json\/wp\/v2\/users\/1"}],"replies":[{"embeddable":true,"href":"https:\/\/greentec.eu.bluebird.pw\/da\/wp-json\/wp\/v2\/comments?post=14871"}],"version-history":[{"count":11,"href":"https:\/\/greentec.eu.bluebird.pw\/da\/wp-json\/wp\/v2\/pages\/14871\/revisions"}],"predecessor-version":[{"id":24163,"href":"https:\/\/greentec.eu.bluebird.pw\/da\/wp-json\/wp\/v2\/pages\/14871\/revisions\/24163"}],"wp:attachment":[{"href":"https:\/\/greentec.eu.bluebird.pw\/da\/wp-json\/wp\/v2\/media?parent=14871"}],"curies":[{"name":"wp","href":"https:\/\/api.w.org\/{rel}","templated":true}]}}